{"id":23,"date":"2020-12-24T13:12:21","date_gmt":"2020-12-24T13:12:21","guid":{"rendered":"https:\/\/radius-delta.com\/?page_id=23"},"modified":"2021-01-02T12:18:58","modified_gmt":"2021-01-02T12:18:58","slug":"rechtliche-hinweise","status":"publish","type":"page","link":"https:\/\/radius-delta.com\/it\/rechtliche-hinweise\/","title":{"rendered":"Avviso legale"},"content":{"rendered":"<div data-elementor-type=\"wp-page\" data-elementor-id=\"23\" class=\"elementor elementor-23\" data-elementor-settings=\"{&quot;ha_cmc_init_switcher&quot;:&quot;no&quot;}\" data-elementor-post-type=\"page\">\n\t\t\t\t\t\t<section class=\"elementor-section elementor-top-section elementor-element elementor-element-dce477a elementor-section-height-min-height elementor-section-content-middle elementor-section-boxed elementor-section-height-default elementor-section-items-middle\" data-id=\"dce477a\" data-element_type=\"section\" data-settings=\"{&quot;background_background&quot;:&quot;classic&quot;,&quot;_ha_eqh_enable&quot;:false}\">\n\t\t\t\t\t\t<div class=\"elementor-container elementor-column-gap-default\">\n\t\t\t\t\t<div class=\"elementor-column elementor-col-100 elementor-top-column elementor-element elementor-element-d12bc6a\" data-id=\"d12bc6a\" data-element_type=\"column\">\n\t\t\t<div class=\"elementor-widget-wrap elementor-element-populated\">\n\t\t\t\t\t\t<div class=\"elementor-element elementor-element-e98c57c elementor-widget elementor-widget-heading\" data-id=\"e98c57c\" data-element_type=\"widget\" data-widget_type=\"heading.default\">\n\t\t\t\t<div class=\"elementor-widget-container\">\n\t\t\t\t\t<h1 class=\"elementor-heading-title elementor-size-default\">Avviso legale<\/h1>\t\t\t\t<\/div>\n\t\t\t\t<\/div>\n\t\t\t\t\t<\/div>\n\t\t<\/div>\n\t\t\t\t\t<\/div>\n\t\t<\/section>\n\t\t\t\t<section class=\"elementor-section elementor-top-section elementor-element elementor-element-c0a5463 elementor-section-boxed elementor-section-height-default elementor-section-height-default\" data-id=\"c0a5463\" data-element_type=\"section\" data-settings=\"{&quot;_ha_eqh_enable&quot;:false}\">\n\t\t\t\t\t\t<div class=\"elementor-container elementor-column-gap-default\">\n\t\t\t\t\t<div class=\"elementor-column elementor-col-100 elementor-top-column elementor-element elementor-element-02c6919\" data-id=\"02c6919\" data-element_type=\"column\">\n\t\t\t<div class=\"elementor-widget-wrap elementor-element-populated\">\n\t\t\t\t\t\t<div class=\"elementor-element elementor-element-01b1c58 elementor-widget elementor-widget-text-editor\" data-id=\"01b1c58\" data-element_type=\"widget\" data-widget_type=\"text-editor.default\">\n\t\t\t\t<div class=\"elementor-widget-container\">\n\t\t\t\t\t\t\t\t\t<p><span id=\"parent-fieldname-description\" class=\"\">Condizioni d'uso\/ Disclaimer\/ Informativa sulla privacy di Radius Sonnen- und Wetterf\u00e4cher AG<\/span><\/p><div id=\"parent-fieldname-text\" class=\"\"><h3>1. il sito web in generale<\/h3><strong>Scopo e portata<\/strong><br \/>Radius Sonnen- und Wetterf\u00e4cher AG (di seguito Radius) gestisce un sito web informativo sotto il sito www.radius-delta.com. Queste condizioni d'uso regolano l'applicazione e l'accesso a questa piattaforma internet e l'uso delle informazioni offerte. Utilizzando il sito web, il visitatore accetta queste condizioni d'uso; utilizzando il servizio, in particolare il modulo \"fotomontaggio\" (cfr. sezione II), e le informazioni, il visitatore si impegna a rispettare queste condizioni.<br \/><br \/><strong>Le informazioni offerte sul sito web<br \/><\/strong>Radius fornisce il suo sito web come servizio gratuito a solo scopo informativo. Radius \u00e8 libero di modificare, ristrutturare, integrare o cancellare in tutto o in parte le informazioni e i dati presenti sul sito web in qualsiasi momento e per qualsiasi motivo.<strong><br \/><\/strong>La vendita diretta via Internet dei prodotti presentati sul sito non \u00e8 possibile. Presentando i prodotti sul sito web, Radius non fa alcuna offerta per concludere un contratto.<br \/><br \/><strong>Copyright, marchio e altri diritti di propriet\u00e0 intellettuale<br \/><\/strong>Tutti i diritti di propriet\u00e0 intellettuale contenuti in questo sito web appartengono a Radius.<p>Nell'ambito dell'utilizzo del sito web, i visitatori sono autorizzati a visualizzare il sito web e le informazioni e i dati visualizzati su di esso sullo schermo e, inoltre, a svolgere solo quelle azioni di utilizzo che sono descritte come ammissibili sul sito web e nelle seguenti disposizioni. Inoltre, qualsiasi uso \u00e8 limitato esclusivamente agli scopi privati del visitatore o agli scopi commerciali interni dell'azienda del visitatore. In particolare, non \u00e8 permesso qualsiasi uso e sfruttamento commerciale del sito web e delle informazioni e dei dati riprodotti su di esso dal visitatore.<\/p><p><strong>Comunicazioni<br \/><\/strong>Il sito web offre ai visitatori la possibilit\u00e0 di contattare Radius via e-mail e tramite una richiesta di prezzi, un modulo di richiesta per rivenditori o un modulo di contatto. La consegna di questi messaggi \u00e8 a rischio del visitatore.<\/p><p>Gli ordini o le richieste ricevute in questo modo sono vincolanti per Radius solo se espressamente confermati per iscritto. Le notifiche di natura legale, come la fissazione di scadenze, i solleciti, le disdette, ecc. che sono indirizzate a Radius in questo modo non hanno alcun effetto.<\/p><p><strong>Garanzia e responsabilit\u00e0<br \/><\/strong>Radius non rilascia alcuna dichiarazione o garanzia in relazione al presente sito web, alle informazioni e ai dati in esso contenuti e alle funzioni in esso contenute, in particolare per quanto riguarda la completezza, l'attualit\u00e0 e la qualit\u00e0 delle informazioni, dei dati e dei prodotti (ad esempio per quanto riguarda le dimensioni e i materiali specificati o i colori e le proporzioni nelle illustrazioni).<\/p><p>Radius \u00e8 responsabile in relazione al proprio sito web per i danni diretti causati ai visitatori del sito web per negligenza grave o intenzionalmente da Radius AG. Inoltre, qualsiasi responsabilit\u00e0 \u00e8 esclusa nella misura consentita dalla legge, in particolare per quanto riguarda la perdita di profitto e altri danni consequenziali, danni da perdita di dati, virus o altri programmi dannosi.<\/p><p><strong>Protezione dei dati<br \/><\/strong>In linea di principio, il visitatore pu\u00f2 visitare e utilizzare il sito radius-delta.com senza dover fornire alcuna informazione personale. Tuttavia, per contattare Radius, ad esempio tramite un modulo informativo sui prezzi o un modulo di richiesta per rivenditori, la raccolta di dati personali \u00e8 inevitabile. La raccolta e l'elaborazione dei dati personali sul sito web radius-delta.com viene effettuata in conformit\u00e0 alle disposizioni della legislazione svizzera sulla protezione dei dati. Ci\u00f2 significa che Radius si impegna a utilizzare i dati personali con attenzione ed esclusivamente per gli scopi indicati. Il visitatore acconsente al corrispondente trattamento dei suoi dati personali per gli scopi summenzionati.<\/p><p>Poich\u00e9 la trasmissione dei dati attraverso il sito web radius-delta.com \u00e8 sempre in chiaro, i visitatori sono invitati nel loro stesso interesse a non inviare informazioni riservate attraverso il sito web.<\/p><p><strong>Legge applicabile e luogo di giurisdizione<br \/><\/strong>L'uso delle informazioni e dei contenuti offerti sulla piattaforma \u00e8 soggetto esclusivamente al diritto svizzero. Il foro esclusivo \u00e8 la sede legale di Radius.<br \/><br \/><\/p><h3>2. condizioni speciali di utilizzo \"fotomontaggio<\/h3><p><strong>Scopo e portata<br \/><\/strong>Le condizioni speciali di utilizzo per l'area \"fotomontaggi\" sulla piattaforma radius-delta.com sono riportate di seguito. Nella misura in cui nulla di specifico \u00e8 regolato qui, si applicano le disposizioni di cui alla sezione I di cui sopra.<\/p><p><strong>Uso del modulo \"Fotomontaggio<br \/><\/strong>Attraverso il modulo interattivo \"Photomontage\", il visitatore pu\u00f2 caricare le proprie foto (per esempio della propria casa) sul sito web e posizionare su di esse le immagini grafiche del sole e dei ventilatori meteo come meglio crede. Il visitatore pu\u00f2 anche ingrandire o ridurre i ventilatori del sole e del tempo a suo piacimento e disporli in angoli di conseguenza. Le immagini rimangono sempre di propriet\u00e0 del visitatore e non vengono visualizzate o riprese da Radius.<\/p><p>Il caricamento delle foto serve solo come base per la visualizzazione del posizionamento desiderato del sole e dei ventilatori. Le immagini corrispondenti possono essere utilizzate per scopi privati e in particolare stampate e inoltrate via e-mail.<\/p><p><strong>Garanzia e responsabilit\u00e0<br \/><\/strong>Radius sottolinea espressamente che le immagini e le illustrazioni dei ventilatori del sole e del tempo e il fotomontaggio corrispondente non sono fedeli alla realt\u00e0. Radius non d\u00e0 quindi nessuna garanzia per la fattibilit\u00e0 del posizionamento desiderato dei ventilatori solari e meteorologici o per la realizzazione secondo il fotomontaggio.<\/p><p>La fattibilit\u00e0 definitiva della pianificazione dei compartimenti solari e meteorologici desiderati pu\u00f2 essere data solo dalla garanzia in un'offerta vincolante di Radius.<\/p><p>Le immagini sono caricate a vostro rischio e pericolo. Radius non \u00e8 in alcun caso responsabile della violazione dei diritti personali e dei diritti immateriali o materiali di terzi. Inoltre, non si assume alcuna responsabilit\u00e0 per eventuali danni causati dal caricamento delle immagini.<\/p><\/div>\t\t\t\t\t\t\t\t<\/div>\n\t\t\t\t<\/div>\n\t\t\t\t\t<\/div>\n\t\t<\/div>\n\t\t\t\t\t<\/div>\n\t\t<\/section>\n\t\t\t\t<\/div>","protected":false},"excerpt":{"rendered":"<p>Rechtliche Hinweise Nutzungsbestimmungen\/ Haftungssauschluss \/ Datenschutzerkl\u00e4rung der Radius Sonnen- und Wetterf\u00e4cher AG 1. Die Website allgemein Zweck und GeltungsbereichDie Radius Sonnen- und Wetterf\u00e4cher AG (nachfolgend Radius) betreibt unter der Internetseite www.radius-delta.com eine Informationswebseite. Diese Nutzungsbestimmungen regeln die Anwendung und den Zugang zu dieser Internet-Plattform und die Nutzung der angebotenen Informationen. Durch die Benutzung der Website [&hellip;]<\/p>","protected":false},"author":7,"featured_media":0,"parent":0,"menu_order":0,"comment_status":"closed","ping_status":"closed","template":"","meta":{"_monsterinsights_skip_tracking":false,"_monsterinsights_sitenote_active":false,"_monsterinsights_sitenote_note":"","_monsterinsights_sitenote_category":0,"footnotes":""},"class_list":["post-23","page","type-page","status-publish","hentry"],"_links":{"self":[{"href":"https:\/\/radius-delta.com\/it\/wp-json\/wp\/v2\/pages\/23","targetHints":{"allow":["GET"]}}],"collection":[{"href":"https:\/\/radius-delta.com\/it\/wp-json\/wp\/v2\/pages"}],"about":[{"href":"https:\/\/radius-delta.com\/it\/wp-json\/wp\/v2\/types\/page"}],"author":[{"embeddable":true,"href":"https:\/\/radius-delta.com\/it\/wp-json\/wp\/v2\/users\/7"}],"replies":[{"embeddable":true,"href":"https:\/\/radius-delta.com\/it\/wp-json\/wp\/v2\/comments?post=23"}],"version-history":[{"count":0,"href":"https:\/\/radius-delta.com\/it\/wp-json\/wp\/v2\/pages\/23\/revisions"}],"wp:attachment":[{"href":"https:\/\/radius-delta.com\/it\/wp-json\/wp\/v2\/media?parent=23"}],"curies":[{"name":"wp","href":"https:\/\/api.w.org\/{rel}","templated":true}]}}