{"id":5000,"date":"2023-03-14T15:51:34","date_gmt":"2023-03-14T14:51:34","guid":{"rendered":"https:\/\/radius-delta.com\/?post_type=product&#038;p=5000"},"modified":"2025-09-18T18:51:09","modified_gmt":"2025-09-18T16:51:09","slug":"jiffyjoy","status":"publish","type":"product","link":"https:\/\/radius-delta.com\/fr\/product\/jiffyjoy\/","title":{"rendered":"*Nouveau* JiffyJoy"},"content":{"rendered":"<div data-elementor-type=\"page\" data-elementor-id=\"5017\" class=\"elementor elementor-5017\" data-elementor-settings=\"{&quot;ha_cmc_init_switcher&quot;:&quot;no&quot;}\" data-elementor-post-type=\"elementor_library\">\n\t\t\t\t\t\t<section class=\"elementor-section elementor-top-section elementor-element elementor-element-91d74a0 elementor-section-boxed elementor-section-height-default elementor-section-height-default\" data-id=\"91d74a0\" data-element_type=\"section\" data-settings=\"{&quot;_ha_eqh_enable&quot;:false}\">\n\t\t\t\t\t\t<div class=\"elementor-container elementor-column-gap-default\">\n\t\t\t\t\t<div class=\"elementor-column elementor-col-100 elementor-top-column elementor-element elementor-element-04a89a8\" data-id=\"04a89a8\" data-element_type=\"column\">\n\t\t\t<div class=\"elementor-widget-wrap elementor-element-populated\">\n\t\t\t\t\t\t<div class=\"elementor-element elementor-element-531abd4 ha-has-bg-overlay elementor-widget elementor-widget-eael-adv-accordion\" data-id=\"531abd4\" data-element_type=\"widget\" data-widget_type=\"eael-adv-accordion.default\">\n\t\t\t\t<div class=\"elementor-widget-container\">\n\t\t\t\t\t            <div class=\"eael-adv-accordion\" id=\"eael-adv-accordion-531abd4\" data-scroll-on-click=\"no\" data-scroll-speed=\"300\" data-accordion-id=\"531abd4\" data-accordion-type=\"accordion\" data-toogle-speed=\"300\">\n            <div class=\"eael-accordion-list\">\n\t\t\t\t\t<div id=\"typen\" class=\"elementor-tab-title eael-accordion-header\" tabindex=\"0\" data-tab=\"1\" aria-controls=\"elementor-tab-content-8711\"><span class=\"eael-advanced-accordion-icon-closed\"><\/span><span class=\"eael-advanced-accordion-icon-opened\"><i aria-hidden=\"true\" class=\"fa-accordion-icon fas fa-minus\"><\/i><\/span><span class=\"eael-accordion-tab-title\">Types<\/span><i aria-hidden=\"true\" class=\"fa-toggle fas fa-angle-right\"><\/i><\/div><div id=\"elementor-tab-content-8711\" class=\"eael-accordion-content clearfix\" data-tab=\"1\" aria-labelledby=\"typen\"><style>.elementor-5010 .elementor-element.elementor-element-58e805f.elementor-position-right .elementor-image-box-img{margin-left:15px;}.elementor-5010 .elementor-element.elementor-element-58e805f.elementor-position-left .elementor-image-box-img{margin-right:15px;}.elementor-5010 .elementor-element.elementor-element-58e805f.elementor-position-top .elementor-image-box-img{margin-bottom:15px;}.elementor-5010 .elementor-element.elementor-element-58e805f .elementor-image-box-wrapper .elementor-image-box-img{width:100%;}.elementor-5010 .elementor-element.elementor-element-58e805f .elementor-image-box-img img{transition-duration:0.3s;}.elementor-5010 .elementor-element.elementor-element-c5e6498 .elementor-button-content-wrapper{flex-direction:row;}:root{--page-title-display:none;}@media(max-width:767px){.elementor-5010 .elementor-element.elementor-element-58e805f .elementor-image-box-img{margin-bottom:15px;}}<\/style>\t\t<div data-elementor-type=\"page\" data-elementor-id=\"5010\" class=\"elementor elementor-5010\" data-elementor-settings=\"{&quot;ha_cmc_init_switcher&quot;:&quot;no&quot;}\" data-elementor-post-type=\"elementor_library\">\n\t\t\t\t\t\t<section class=\"elementor-section elementor-top-section elementor-element elementor-element-5b66985 elementor-section-boxed elementor-section-height-default elementor-section-height-default\" data-id=\"5b66985\" data-element_type=\"section\" data-settings=\"{&quot;_ha_eqh_enable&quot;:false}\">\n\t\t\t\t\t\t<div class=\"elementor-container elementor-column-gap-default\">\n\t\t\t\t\t<div class=\"elementor-column elementor-col-33 elementor-top-column elementor-element elementor-element-fcf59fe\" data-id=\"fcf59fe\" data-element_type=\"column\">\n\t\t\t<div class=\"elementor-widget-wrap elementor-element-populated\">\n\t\t\t\t\t\t<div class=\"elementor-element elementor-element-58e805f elementor-position-top elementor-widget elementor-widget-image-box\" data-id=\"58e805f\" data-element_type=\"widget\" data-widget_type=\"image-box.default\">\n\t\t\t\t<div class=\"elementor-widget-container\">\n\t\t\t\t\t<div class=\"elementor-image-box-wrapper\"><figure class=\"elementor-image-box-img\"><a href=\"https:\/\/radius-delta.com\/wp-content\/uploads\/2023\/04\/JiffyJoy-Standardtypen-15.4.2023.jpg\" tabindex=\"-1\"><img fetchpriority=\"high\" decoding=\"async\" width=\"1684\" height=\"1191\" src=\"https:\/\/radius-delta.com\/wp-content\/uploads\/2024\/01\/JiffyJoy-Standardtypen-9.1.2024.jpg\" class=\"attachment-full size-full wp-image-5265\" alt=\"\" srcset=\"https:\/\/radius-delta.com\/wp-content\/uploads\/2024\/01\/JiffyJoy-Standardtypen-9.1.2024.jpg 1684w, https:\/\/radius-delta.com\/wp-content\/uploads\/2024\/01\/JiffyJoy-Standardtypen-9.1.2024-300x212.jpg 300w, https:\/\/radius-delta.com\/wp-content\/uploads\/2024\/01\/JiffyJoy-Standardtypen-9.1.2024-1024x724.jpg 1024w, https:\/\/radius-delta.com\/wp-content\/uploads\/2024\/01\/JiffyJoy-Standardtypen-9.1.2024-768x543.jpg 768w, https:\/\/radius-delta.com\/wp-content\/uploads\/2024\/01\/JiffyJoy-Standardtypen-9.1.2024-1536x1086.jpg 1536w, https:\/\/radius-delta.com\/wp-content\/uploads\/2024\/01\/JiffyJoy-Standardtypen-9.1.2024-18x12.jpg 18w, https:\/\/radius-delta.com\/wp-content\/uploads\/2024\/01\/JiffyJoy-Standardtypen-9.1.2024-600x424.jpg 600w\" sizes=\"(max-width: 1684px) 100vw, 1684px\" \/><\/a><\/figure><div class=\"elementor-image-box-content\"><h3 class=\"elementor-image-box-title\"><a href=\"https:\/\/radius-delta.com\/wp-content\/uploads\/2023\/04\/JiffyJoy-Standardtypen-15.4.2023.jpg\">Typen JiffyJoy<\/a><\/h3><\/div><\/div>\t\t\t\t<\/div>\n\t\t\t\t<\/div>\n\t\t\t\t<div class=\"elementor-element elementor-element-c5e6498 elementor-align-center elementor-widget elementor-widget-button\" data-id=\"c5e6498\" data-element_type=\"widget\" data-widget_type=\"button.default\">\n\t\t\t\t<div class=\"elementor-widget-container\">\n\t\t\t\t\t\t\t\t\t<div class=\"elementor-button-wrapper\">\n\t\t\t\t\t<a class=\"elementor-button elementor-button-link elementor-size-sm\" href=\"https:\/\/radius-delta.com\/wp-content\/uploads\/2023\/03\/JiffyJoy-Standardtypen-9.1.2024.pdf\">\n\t\t\t\t\t\t<span class=\"elementor-button-content-wrapper\">\n\t\t\t\t\t\t<span class=\"elementor-button-icon\">\n\t\t\t\t<i aria-hidden=\"true\" class=\"fas fa-file-pdf\"><\/i>\t\t\t<\/span>\n\t\t\t\t\t\t\t\t\t<span class=\"elementor-button-text\">Zeichnung von allen typen Herunterladen<\/span>\n\t\t\t\t\t<\/span>\n\t\t\t\t\t<\/a>\n\t\t\t\t<\/div>\n\t\t\t\t\t\t\t\t<\/div>\n\t\t\t\t<\/div>\n\t\t\t\t\t<\/div>\n\t\t<\/div>\n\t\t\t\t<div class=\"elementor-column elementor-col-33 elementor-top-column elementor-element elementor-element-29a7a91\" data-id=\"29a7a91\" data-element_type=\"column\">\n\t\t\t<div class=\"elementor-widget-wrap\">\n\t\t\t\t\t\t\t<\/div>\n\t\t<\/div>\n\t\t\t\t<div class=\"elementor-column elementor-col-33 elementor-top-column elementor-element elementor-element-654be77\" data-id=\"654be77\" data-element_type=\"column\">\n\t\t\t<div class=\"elementor-widget-wrap\">\n\t\t\t\t\t\t\t<\/div>\n\t\t<\/div>\n\t\t\t\t\t<\/div>\n\t\t<\/section>\n\t\t\t\t<\/div>\n\t\t<\/div>\n\t\t\t\t\t<\/div><\/div>\t\t\t\t<\/div>\n\t\t\t\t<\/div>\n\t\t\t\t\t<\/div>\n\t\t<\/div>\n\t\t\t\t\t<\/div>\n\t\t<\/section>\n\t\t\t\t<\/div>","protected":false},"excerpt":{"rendered":"<div id=\"content\">\n<div id=\"content\">\n<h2><strong>Radius JiffyJoy \u2013 Seitlicher F\u00e4cher f\u00fcr blitzschnellen Schatten und Privatsph\u00e4re<\/strong><\/h2>\n<p>Als neuestes Produkt von Radius ist der elegante JiffyJoy ein seitlich wirkender Sicht- und Sonnenschutz. Er versorgt fassadennahe Bereich von Terrassen und Balkonen, aber auch Auslagen von Gesch\u00e4ften mit seitlichem Schatten, Privatsph\u00e4re und sch\u00fctzt seitlich vor Wind und Wetter -\u2013 einfach, bequem und in Sekundenschnelle.<\/p>\n<p>Mit einem Handgriff klappt sich der F\u00e4cher selbstst\u00e4ndig nach oben auf. Er deckt dann beispielsweise die L\u00fccken im oberen Bereich von bestehenden Markisen \/ Sonnenstoren perfekt ab.<\/p>\n<p>Dieser umfassende Schutz und die bequeme Bedienung mit einer Hand hebt die seitliche F\u00e4chermarkise JiffyJoy von L\u00f6sungen wie Auszugsrollos oder Seitenmarkisen ab.<\/p>\n<h3><strong>Un mod\u00e8le d'entr\u00e9e de gamme sans compromis<\/strong><\/h3>\n<p>Der elegante JiffyJoy ein seitlich wirkender Sicht- und Sonnenschutz. Er versorgt fassadennahe Bereich von Terrassen und Balkonen, aber auch Auslagen von Gesch\u00e4ften mit seitlichem Schatten, Privatsph\u00e4re und sch\u00fctzt seitlich vor Wind und Wetter -\u2013 einfach, bequem und in Sekundenschnelle.<\/p>\n<p>L\u00e4ngsseitig an der Fassade befestigt, klappt sich der wartungsarme F\u00e4cher mit einem Handgriff dank einer Gasdruckfeder und unterst\u00fctzt durch die Schwerkraft innert Sekunden selbstst\u00e4ndig nach oben auf.<\/p>\n<p>Der JiffyJoy kann unter anderem neben einer bestehenden Markise \/ Sonnenstore ganz oben montiert werden. So entstehen in den kritischen Seitenwinkeln im oberen Bereich keine L\u00fccken, womit st\u00f6rende Lichtflecken und neugierige Blicke in den zu sch\u00fctzen Bereich vermieden werden.<\/p>\n<p>Dieser umfassende Schutz und die bequeme Bedienung mit einer Hand hebt die seitliche F\u00e4chermarkise JiffyJoy von L\u00f6sungen wie Auszugsrollos oder Seitenmarkisen ab.<\/p>\n<p>Neben dem Einsatz f\u00fcrs Wohnen im Eigentum- oder Mietsegment l\u00e4sst sich der JiffyJoy auch bei Ladengesch\u00e4ften einsetzen: Bei Konditoreien oder Lebensmittell\u00e4den beispielsweise bietet er seitlichen Schutz von innen- oder au\u00dfenliegenden Warenauslagen oder trennt Au\u00dfenbereiche von Caf\u00e9s und Restaurants von benachbarten Zonen ab. Zudem erh\u00f6ht er als \u00abvisueller Stolperstein\u00bb die Sichtbarkeit von Gesch\u00e4ften entlang der Fassadenflucht.<\/p>\n<h3><strong>Version standard<\/strong><\/h3>\n<p>Die Standardausf\u00fchrungen sind mit Aufspannwinkeln zwischen 45\u00b0 bis 90\u00b0 und einer Auslage bzw. H\u00f6he von 125 bis 200cm verf\u00fcgbar.<\/p>\n<p>Konkret sind dies (jeweils Seitenholmen in cm \/ Mittelholmen in cm \/ Aufspannwinkel):<\/p>\n<ul>\n<li>JiffyJoy 200\/230\/90\u00b0 (bspw. Terrasse)<\/li>\n<li>JiffyJoy 160\/184\/90\u00b0 (bspw. Terrasse)<\/li>\n<li>JiffyJoy 136\/132\/90\u00b0 (bspw. Balkon mit Gel\u00e4nder)<\/li>\n<li>JiffyJoy 132\/125\/65\u00b0 (bspw. ohne Mittelholmen, Balkon mit Gel\u00e4nder)<\/li>\n<\/ul>\n<p>Es sind diverse Farben erh\u00e4ltlich.<\/p>\n<h3>Montage<\/h3>\n<p>Der JiffyJoy wird an einem w\u00fcrfelf\u00f6rmigen Halter einfach arretiert. Der f\u00fcr alle Montagevarianten einsetzbare W\u00fcrfel selbst wird direkt an der Fassade befestigt oder \u2013 f\u00fcr eine besonders schnelle Komplettdemontage bspw. im Winter \u2013 auf eine Platte adaptiert.<\/p>\n<p><em>Avantages<\/em><\/p>\n<ul>\n<li>Seitlicher Schatten, Privatsph\u00e4re und Windschutz<\/li>\n<li>Perfekte seitliche Erg\u00e4nzung zu Markisen\/Sonnenstoren<\/li>\n<li>Einfach von Hand zu bedienen<\/li>\n<li>Klappt sich mit einem Handgriff selbst auf<\/li>\n<li>Einfach an der Fassade zu montieren<\/li>\n<li>Hochwertige Verarbeitung<\/li>\n<li>Einsetzbar auf Balkonen und Terrassen<\/li>\n<li>Diverse Gr\u00f6ssen, Winkel und Farben<\/li>\n<\/ul>\n<\/div>\n<\/div>","protected":false},"featured_media":5245,"comment_status":"open","ping_status":"closed","template":"","meta":{"_monsterinsights_skip_tracking":false,"_monsterinsights_sitenote_active":false,"_monsterinsights_sitenote_note":"","_monsterinsights_sitenote_category":0},"product_brand":[],"product_cat":[123],"product_tag":[],"class_list":{"0":"post-5000","1":"product","2":"type-product","3":"status-publish","4":"has-post-thumbnail","6":"product_cat-jiffyjoy","7":"pa_auffaechern-gasdruckfeder","8":"pa_auffaechern-kurbel-mit-getriebe-485-chf","9":"pa_bremsgetriebe-rechte-seite","10":"pa_bremsgetriebe-linke-seite","11":"pa_gestell-farbe-ral-ral-farbe-waehlen-600-chf","12":"pa_gestell-farbe-ral-natur-eloxiert","13":"pa_kurbel-laenge-1200mm","14":"pa_kurbel-laenge-1400mm","15":"pa_kurbel-laenge-1600mm","16":"pa_stoff-farben-weiss-44209","17":"pa_stoff-farben-beige-44207","18":"pa_stoff-farben-gelb-44254","19":"pa_stoff-farben-grau-44208","20":"pa_stoff-farben-gruen-44206","21":"pa_stoff-farben-blau-44205","22":"pa_stoff-farben-schwarz-44218","23":"pa_stoff-farben-kirschrot-44213","24":"pa_stoff-farben-weinrot-44203","25":"pa_stoff-farben-mint-44226","26":"pa_stoff-farben-anthrazit-44238","27":"pa_typ-typ-150-195","28":"pa_typ-typ-210-230","29":"pa_typ-typ-200-230","31":"first","32":"outofstock","33":"sold-individually","34":"shipping-taxable","35":"product-type-simple"},"_links":{"self":[{"href":"https:\/\/radius-delta.com\/fr\/wp-json\/wp\/v2\/product\/5000","targetHints":{"allow":["GET"]}}],"collection":[{"href":"https:\/\/radius-delta.com\/fr\/wp-json\/wp\/v2\/product"}],"about":[{"href":"https:\/\/radius-delta.com\/fr\/wp-json\/wp\/v2\/types\/product"}],"replies":[{"embeddable":true,"href":"https:\/\/radius-delta.com\/fr\/wp-json\/wp\/v2\/comments?post=5000"}],"wp:featuredmedia":[{"embeddable":true,"href":"https:\/\/radius-delta.com\/fr\/wp-json\/wp\/v2\/media\/5245"}],"wp:attachment":[{"href":"https:\/\/radius-delta.com\/fr\/wp-json\/wp\/v2\/media?parent=5000"}],"wp:term":[{"taxonomy":"product_brand","embeddable":true,"href":"https:\/\/radius-delta.com\/fr\/wp-json\/wp\/v2\/product_brand?post=5000"},{"taxonomy":"product_cat","embeddable":true,"href":"https:\/\/radius-delta.com\/fr\/wp-json\/wp\/v2\/product_cat?post=5000"},{"taxonomy":"product_tag","embeddable":true,"href":"https:\/\/radius-delta.com\/fr\/wp-json\/wp\/v2\/product_tag?post=5000"}],"curies":[{"name":"wp","href":"https:\/\/api.w.org\/{rel}","templated":true}]}}