{"id":25,"date":"2020-12-24T13:12:46","date_gmt":"2020-12-24T13:12:46","guid":{"rendered":"https:\/\/radius-delta.com\/?page_id=25"},"modified":"2021-01-02T12:29:30","modified_gmt":"2021-01-02T12:29:30","slug":"agbs-schweiz","status":"publish","type":"page","link":"https:\/\/radius-delta.com\/fr\/agbs-schweiz\/","title":{"rendered":"La Suisse de l'AGB"},"content":{"rendered":"<div data-elementor-type=\"wp-page\" data-elementor-id=\"25\" class=\"elementor elementor-25\" data-elementor-settings=\"{&quot;ha_cmc_init_switcher&quot;:&quot;no&quot;}\" data-elementor-post-type=\"page\">\n\t\t\t\t\t\t<section class=\"elementor-section elementor-top-section elementor-element elementor-element-392ca01 elementor-section-height-min-height elementor-section-content-middle elementor-section-boxed elementor-section-height-default elementor-section-items-middle\" data-id=\"392ca01\" data-element_type=\"section\" data-settings=\"{&quot;background_background&quot;:&quot;classic&quot;,&quot;_ha_eqh_enable&quot;:false}\">\n\t\t\t\t\t\t<div class=\"elementor-container elementor-column-gap-default\">\n\t\t\t\t\t<div class=\"elementor-column elementor-col-100 elementor-top-column elementor-element elementor-element-9606fe8\" data-id=\"9606fe8\" data-element_type=\"column\">\n\t\t\t<div class=\"elementor-widget-wrap elementor-element-populated\">\n\t\t\t\t\t\t<div class=\"elementor-element elementor-element-66f8b59 elementor-widget elementor-widget-heading\" data-id=\"66f8b59\" data-element_type=\"widget\" data-widget_type=\"heading.default\">\n\t\t\t\t<div class=\"elementor-widget-container\">\n\t\t\t\t\t<h1 class=\"elementor-heading-title elementor-size-default\">AGB'S Suisse<\/h1>\t\t\t\t<\/div>\n\t\t\t\t<\/div>\n\t\t\t\t\t<\/div>\n\t\t<\/div>\n\t\t\t\t\t<\/div>\n\t\t<\/section>\n\t\t\t\t<section class=\"elementor-section elementor-top-section elementor-element elementor-element-43e2c6e elementor-section-boxed elementor-section-height-default elementor-section-height-default\" data-id=\"43e2c6e\" data-element_type=\"section\" data-settings=\"{&quot;_ha_eqh_enable&quot;:false}\">\n\t\t\t\t\t\t<div class=\"elementor-container elementor-column-gap-default\">\n\t\t\t\t\t<div class=\"elementor-column elementor-col-100 elementor-top-column elementor-element elementor-element-9288fa8\" data-id=\"9288fa8\" data-element_type=\"column\">\n\t\t\t<div class=\"elementor-widget-wrap elementor-element-populated\">\n\t\t\t\t\t\t<div class=\"elementor-element elementor-element-851b50a elementor-widget elementor-widget-text-editor\" data-id=\"851b50a\" data-element_type=\"widget\" data-widget_type=\"text-editor.default\">\n\t\t\t\t<div class=\"elementor-widget-container\">\n\t\t\t\t\t\t\t\t\t<p class=\"documentDescription\"><span id=\"parent-fieldname-description\" class=\"\">Nos conditions g\u00e9n\u00e9rales pour la Suisse<\/span><\/p>\n\n<div class=\"attachments\">\n<h3>Pi\u00e8ces jointes<\/h3>\n<ul class=\"visualNoMarker manageableList\">\n \t<li><a style=\"font-weight: normal; text-decoration: underline;\" title=\"Nos conditions g\u00e9n\u00e9rales\" href=\"https:\/\/radius-delta.com\/wp-content\/uploads\/2021\/01\/AGBS-Schweiz_PDF.pdf\" target=\"_blank\" rel=\"noopener\">Rayon AGB Ventilateurs solaires et m\u00e9t\u00e9orologiques AG<\/a><span class=\"discreet documentDescription\">\n<\/span><\/li>\n<\/ul>\n<span class=\"discreet documentDescription\">Nos conditions g\u00e9n\u00e9rales<\/span>\n\n<\/div>\t\t\t\t\t\t\t\t<\/div>\n\t\t\t\t<\/div>\n\t\t\t\t\t<\/div>\n\t\t<\/div>\n\t\t\t\t\t<\/div>\n\t\t<\/section>\n\t\t\t\t<\/div>","protected":false},"excerpt":{"rendered":"<p>AGB&#8217;S Schweiz Unsere allgemeinen Gesch\u00e4ftsbedingungen f\u00fcr die Schweiz Anh\u00e4nge AGB Radius Sonnen- und Wetterf\u00e4cher AG Unser allgemeinen Gesch\u00e4ftsbedingungen<\/p>","protected":false},"author":7,"featured_media":0,"parent":0,"menu_order":0,"comment_status":"closed","ping_status":"closed","template":"","meta":{"_monsterinsights_skip_tracking":false,"_monsterinsights_sitenote_active":false,"_monsterinsights_sitenote_note":"","_monsterinsights_sitenote_category":0,"footnotes":""},"class_list":["post-25","page","type-page","status-publish","hentry"],"_links":{"self":[{"href":"https:\/\/radius-delta.com\/fr\/wp-json\/wp\/v2\/pages\/25","targetHints":{"allow":["GET"]}}],"collection":[{"href":"https:\/\/radius-delta.com\/fr\/wp-json\/wp\/v2\/pages"}],"about":[{"href":"https:\/\/radius-delta.com\/fr\/wp-json\/wp\/v2\/types\/page"}],"author":[{"embeddable":true,"href":"https:\/\/radius-delta.com\/fr\/wp-json\/wp\/v2\/users\/7"}],"replies":[{"embeddable":true,"href":"https:\/\/radius-delta.com\/fr\/wp-json\/wp\/v2\/comments?post=25"}],"version-history":[{"count":0,"href":"https:\/\/radius-delta.com\/fr\/wp-json\/wp\/v2\/pages\/25\/revisions"}],"wp:attachment":[{"href":"https:\/\/radius-delta.com\/fr\/wp-json\/wp\/v2\/media?parent=25"}],"curies":[{"name":"wp","href":"https:\/\/api.w.org\/{rel}","templated":true}]}}