{"id":11,"date":"2020-12-24T13:10:28","date_gmt":"2020-12-24T13:10:28","guid":{"rendered":"https:\/\/radius-delta.com\/?page_id=11"},"modified":"2022-03-09T11:03:45","modified_gmt":"2022-03-09T10:03:45","slug":"uber-uns","status":"publish","type":"page","link":"https:\/\/radius-delta.com\/fr\/uber-uns\/","title":{"rendered":"\u00c0 propos de nous"},"content":{"rendered":"<div data-elementor-type=\"wp-page\" data-elementor-id=\"11\" class=\"elementor elementor-11\" data-elementor-settings=\"{&quot;ha_cmc_init_switcher&quot;:&quot;no&quot;}\" data-elementor-post-type=\"page\">\n\t\t\t\t\t\t<section class=\"elementor-section elementor-top-section elementor-element elementor-element-b3e7e83 elementor-section-full_width elementor-section-height-default elementor-section-height-default\" data-id=\"b3e7e83\" data-element_type=\"section\" data-settings=\"{&quot;_ha_eqh_enable&quot;:false}\">\n\t\t\t\t\t\t<div class=\"elementor-container elementor-column-gap-default\">\n\t\t\t\t\t<div class=\"elementor-column elementor-col-50 elementor-top-column elementor-element elementor-element-05ab08e\" data-id=\"05ab08e\" data-element_type=\"column\">\n\t\t\t<div class=\"elementor-widget-wrap elementor-element-populated\">\n\t\t\t\t\t\t<div class=\"elementor-element elementor-element-a2c26f4 elementor-widget elementor-widget-image\" data-id=\"a2c26f4\" data-element_type=\"widget\" data-widget_type=\"image.default\">\n\t\t\t\t<div class=\"elementor-widget-container\">\n\t\t\t\t\t\t\t\t\t\t\t\t\t\t\t<img fetchpriority=\"high\" decoding=\"async\" width=\"2648\" height=\"1199\" src=\"https:\/\/radius-delta.com\/wp-content\/uploads\/2021\/02\/u\u0308ber-uns-radius-EN.png\" class=\"attachment-full size-full wp-image-4263\" alt=\"\" srcset=\"https:\/\/radius-delta.com\/wp-content\/uploads\/2021\/02\/u\u0308ber-uns-radius-EN.png 2648w, https:\/\/radius-delta.com\/wp-content\/uploads\/2021\/02\/u\u0308ber-uns-radius-EN-600x272.png 600w, https:\/\/radius-delta.com\/wp-content\/uploads\/2021\/02\/u\u0308ber-uns-radius-EN-300x136.png 300w, https:\/\/radius-delta.com\/wp-content\/uploads\/2021\/02\/u\u0308ber-uns-radius-EN-1024x464.png 1024w, https:\/\/radius-delta.com\/wp-content\/uploads\/2021\/02\/u\u0308ber-uns-radius-EN-768x348.png 768w, https:\/\/radius-delta.com\/wp-content\/uploads\/2021\/02\/u\u0308ber-uns-radius-EN-1536x695.png 1536w, https:\/\/radius-delta.com\/wp-content\/uploads\/2021\/02\/u\u0308ber-uns-radius-EN-2048x927.png 2048w, https:\/\/radius-delta.com\/wp-content\/uploads\/2021\/02\/u\u0308ber-uns-radius-EN-16x7.png 16w\" sizes=\"(max-width: 2648px) 100vw, 2648px\" \/>\t\t\t\t\t\t\t\t\t\t\t\t\t\t\t<\/div>\n\t\t\t\t<\/div>\n\t\t\t\t\t<\/div>\n\t\t<\/div>\n\t\t\t\t<div class=\"elementor-column elementor-col-50 elementor-top-column elementor-element elementor-element-f9efc82\" data-id=\"f9efc82\" data-element_type=\"column\" data-settings=\"{&quot;background_background&quot;:&quot;classic&quot;}\">\n\t\t\t<div class=\"elementor-widget-wrap elementor-element-populated\">\n\t\t\t\t\t\t<div class=\"elementor-element elementor-element-049a6a2 elementor-widget elementor-widget-heading\" data-id=\"049a6a2\" data-element_type=\"widget\" data-widget_type=\"heading.default\">\n\t\t\t\t<div class=\"elementor-widget-container\">\n\t\t\t\t\t<h2 class=\"elementor-heading-title elementor-size-default\">\u00c0 propos de nous<\/h2>\t\t\t\t<\/div>\n\t\t\t\t<\/div>\n\t\t\t\t\t<\/div>\n\t\t<\/div>\n\t\t\t\t\t<\/div>\n\t\t<\/section>\n\t\t\t\t<section class=\"elementor-section elementor-top-section elementor-element elementor-element-a51d617 elementor-section-boxed elementor-section-height-default elementor-section-height-default\" data-id=\"a51d617\" data-element_type=\"section\" data-settings=\"{&quot;background_background&quot;:&quot;classic&quot;,&quot;_ha_eqh_enable&quot;:false}\">\n\t\t\t\t\t\t<div class=\"elementor-container elementor-column-gap-default\">\n\t\t\t\t\t<div class=\"elementor-column elementor-col-100 elementor-top-column elementor-element elementor-element-542d592\" data-id=\"542d592\" data-element_type=\"column\">\n\t\t\t<div class=\"elementor-widget-wrap elementor-element-populated\">\n\t\t\t\t\t\t<section class=\"elementor-section elementor-inner-section elementor-element elementor-element-6ed42d3 elementor-section-boxed elementor-section-height-default elementor-section-height-default\" data-id=\"6ed42d3\" data-element_type=\"section\" data-settings=\"{&quot;_ha_eqh_enable&quot;:false}\">\n\t\t\t\t\t\t<div class=\"elementor-container elementor-column-gap-default\">\n\t\t\t\t\t<div class=\"elementor-column elementor-col-100 elementor-inner-column elementor-element elementor-element-57bc54d\" data-id=\"57bc54d\" data-element_type=\"column\">\n\t\t\t<div class=\"elementor-widget-wrap elementor-element-populated\">\n\t\t\t\t\t\t<div class=\"elementor-element elementor-element-3e9006e elementor-widget elementor-widget-heading\" data-id=\"3e9006e\" data-element_type=\"widget\" data-widget_type=\"heading.default\">\n\t\t\t\t<div class=\"elementor-widget-container\">\n\t\t\t\t\t<h1 class=\"elementor-heading-title elementor-size-default\"> Radius Sun and Weather Fans AG <\/h1>\t\t\t\t<\/div>\n\t\t\t\t<\/div>\n\t\t\t\t\t<\/div>\n\t\t<\/div>\n\t\t\t\t\t<\/div>\n\t\t<\/section>\n\t\t\t\t<section class=\"elementor-section elementor-inner-section elementor-element elementor-element-37cdfc4 elementor-reverse-mobile elementor-section-boxed elementor-section-height-default elementor-section-height-default\" data-id=\"37cdfc4\" data-element_type=\"section\" data-settings=\"{&quot;_ha_eqh_enable&quot;:false}\">\n\t\t\t\t\t\t<div class=\"elementor-container elementor-column-gap-default\">\n\t\t\t\t\t<div class=\"elementor-column elementor-col-33 elementor-inner-column elementor-element elementor-element-85073f1\" data-id=\"85073f1\" data-element_type=\"column\">\n\t\t\t<div class=\"elementor-widget-wrap elementor-element-populated\">\n\t\t\t\t\t\t<div class=\"elementor-element elementor-element-bf57aee elementor-widget elementor-widget-text-editor\" data-id=\"bf57aee\" data-element_type=\"widget\" data-widget_type=\"text-editor.default\">\n\t\t\t\t<div class=\"elementor-widget-container\">\n\t\t\t\t\t\t\t\t\t<p><b>L'auvent Radius fan, une protection solaire particuli\u00e8re. L'auvent Radius rend possible ce qui \u00e9tait impossible auparavant. Protection contre le soleil et les intemp\u00e9ries dans un design \u00e9l\u00e9gant, ing\u00e9nieux et accrocheur \u00e0 la fois.<\/b><\/p><p>Les produits se caract\u00e9risent par leur fonction, leur esth\u00e9tique et leur qualit\u00e9. Ils documentent le bon go\u00fbt du propri\u00e9taire.<\/p><p>L'auvent en \u00e9ventail est un ventilateur de soleil et de m\u00e9t\u00e9o qui repr\u00e9sente une ombre et une protection tr\u00e8s sp\u00e9ciales en tant qu'\u00e9l\u00e9ment architectural. Individuel ou jumel\u00e9, le ventilateur peut \u00eatre utilis\u00e9 partout o\u00f9 la protection contre le soleil, le vent et les intemp\u00e9ries ou la vue doit \u00eatre assur\u00e9e de la mani\u00e8re la plus souple possible.<\/p><p>Le ventilateur dynamique peut \u00eatre pivot\u00e9 vers la gauche et la droite. Elle peut \u00e9galement \u00eatre abaiss\u00e9e pour assurer une protection en cas de soleil plat ou de vent lat\u00e9ral et de pluie.<\/p><p><a href=\"https:\/\/radius-delta.com\/fr\/kontakt\/\"><u>Nous aimerions avoir de vos nouvelles !<\/u><\/a><\/p>\t\t\t\t\t\t\t\t<\/div>\n\t\t\t\t<\/div>\n\t\t\t\t\t<\/div>\n\t\t<\/div>\n\t\t\t\t<div class=\"elementor-column elementor-col-33 elementor-inner-column elementor-element elementor-element-e98b36b\" data-id=\"e98b36b\" data-element_type=\"column\">\n\t\t\t<div class=\"elementor-widget-wrap\">\n\t\t\t\t\t\t\t<\/div>\n\t\t<\/div>\n\t\t\t\t<div class=\"elementor-column elementor-col-33 elementor-inner-column elementor-element elementor-element-7fedc02\" data-id=\"7fedc02\" data-element_type=\"column\" data-settings=\"{&quot;background_background&quot;:&quot;classic&quot;}\">\n\t\t\t<div class=\"elementor-widget-wrap elementor-element-populated\">\n\t\t\t\t\t\t<div class=\"elementor-element elementor-element-1f2da62 elementor-widget elementor-widget-spacer\" data-id=\"1f2da62\" data-element_type=\"widget\" data-widget_type=\"spacer.default\">\n\t\t\t\t<div class=\"elementor-widget-container\">\n\t\t\t\t\t\t\t<div class=\"elementor-spacer\">\n\t\t\t<div class=\"elementor-spacer-inner\"><\/div>\n\t\t<\/div>\n\t\t\t\t\t\t<\/div>\n\t\t\t\t<\/div>\n\t\t\t\t\t<\/div>\n\t\t<\/div>\n\t\t\t\t\t<\/div>\n\t\t<\/section>\n\t\t\t\t<div class=\"elementor-element elementor-element-dd9270c elementor-widget elementor-widget-text-editor\" data-id=\"dd9270c\" data-element_type=\"widget\" data-widget_type=\"text-editor.default\">\n\t\t\t\t<div class=\"elementor-widget-container\">\n\t\t\t\t\t\t\t\t\t<h3 style=\"text-align: center;\">NOUS CR\u00c9ONS DES ESPACES POUR LES JEUNES ET LES MOINS JEUNES<\/h3>\t\t\t\t\t\t\t\t<\/div>\n\t\t\t\t<\/div>\n\t\t\t\t\t<\/div>\n\t\t<\/div>\n\t\t\t\t\t<\/div>\n\t\t<\/section>\n\t\t\t\t<section class=\"elementor-section elementor-top-section elementor-element elementor-element-b57bc2b elementor-section-boxed elementor-section-height-default elementor-section-height-default\" data-id=\"b57bc2b\" data-element_type=\"section\" data-settings=\"{&quot;_ha_eqh_enable&quot;:false}\">\n\t\t\t\t\t\t<div class=\"elementor-container elementor-column-gap-default\">\n\t\t\t\t\t<div class=\"elementor-column elementor-col-100 elementor-top-column elementor-element elementor-element-bbfef33\" data-id=\"bbfef33\" data-element_type=\"column\">\n\t\t\t<div class=\"elementor-widget-wrap elementor-element-populated\">\n\t\t\t\t\t\t<section class=\"elementor-section elementor-inner-section elementor-element elementor-element-258781c elementor-section-boxed elementor-section-height-default elementor-section-height-default\" data-id=\"258781c\" data-element_type=\"section\" data-settings=\"{&quot;_ha_eqh_enable&quot;:false}\">\n\t\t\t\t\t\t<div class=\"elementor-container elementor-column-gap-default\">\n\t\t\t\t\t<div class=\"elementor-column elementor-col-100 elementor-inner-column elementor-element elementor-element-9b554d3\" data-id=\"9b554d3\" data-element_type=\"column\">\n\t\t\t<div class=\"elementor-widget-wrap elementor-element-populated\">\n\t\t\t\t\t\t<div class=\"elementor-element elementor-element-b0182c1 elementor-widget elementor-widget-heading\" data-id=\"b0182c1\" data-element_type=\"widget\" data-widget_type=\"heading.default\">\n\t\t\t\t<div class=\"elementor-widget-container\">\n\t\t\t\t\t<h1 class=\"elementor-heading-title elementor-size-default\">Notre philosophie<\/h1>\t\t\t\t<\/div>\n\t\t\t\t<\/div>\n\t\t\t\t\t<\/div>\n\t\t<\/div>\n\t\t\t\t\t<\/div>\n\t\t<\/section>\n\t\t\t\t<section class=\"elementor-section elementor-inner-section elementor-element elementor-element-e8fbffa elementor-section-boxed elementor-section-height-default elementor-section-height-default\" data-id=\"e8fbffa\" data-element_type=\"section\" data-settings=\"{&quot;_ha_eqh_enable&quot;:false}\">\n\t\t\t\t\t\t<div class=\"elementor-container elementor-column-gap-default\">\n\t\t\t\t\t<div class=\"elementor-column elementor-col-33 elementor-inner-column elementor-element elementor-element-93569be\" data-id=\"93569be\" data-element_type=\"column\" data-settings=\"{&quot;background_background&quot;:&quot;classic&quot;}\">\n\t\t\t<div class=\"elementor-widget-wrap elementor-element-populated\">\n\t\t\t\t\t\t<div class=\"elementor-element elementor-element-4f69fc6 elementor-widget elementor-widget-spacer\" data-id=\"4f69fc6\" data-element_type=\"widget\" data-widget_type=\"spacer.default\">\n\t\t\t\t<div class=\"elementor-widget-container\">\n\t\t\t\t\t\t\t<div class=\"elementor-spacer\">\n\t\t\t<div class=\"elementor-spacer-inner\"><\/div>\n\t\t<\/div>\n\t\t\t\t\t\t<\/div>\n\t\t\t\t<\/div>\n\t\t\t\t\t<\/div>\n\t\t<\/div>\n\t\t\t\t<div class=\"elementor-column elementor-col-33 elementor-inner-column elementor-element elementor-element-c713e63\" data-id=\"c713e63\" data-element_type=\"column\">\n\t\t\t<div class=\"elementor-widget-wrap\">\n\t\t\t\t\t\t\t<\/div>\n\t\t<\/div>\n\t\t\t\t<div class=\"elementor-column elementor-col-33 elementor-inner-column elementor-element elementor-element-94fb3c3\" data-id=\"94fb3c3\" data-element_type=\"column\">\n\t\t\t<div class=\"elementor-widget-wrap elementor-element-populated\">\n\t\t\t\t\t\t<div class=\"elementor-element elementor-element-564a2e0 elementor-widget elementor-widget-text-editor\" data-id=\"564a2e0\" data-element_type=\"widget\" data-widget_type=\"text-editor.default\">\n\t\t\t\t<div class=\"elementor-widget-container\">\n\t\t\t\t\t\t\t\t\t<p><strong>Les si\u00e8ges individuels n\u00e9cessitent des solutions flexibles.<\/strong><br \/><br \/>Nos syst\u00e8mes de ventilation sont notre monde depuis plus de 24 ans. L'entreprise Radius est originaire de la r\u00e9gion de Berne, o\u00f9 nous d\u00e9veloppons et fabriquons nous-m\u00eames des stores \u00e0 lamelles en tant que leader du march\u00e9 mondial.<\/p><p>Nous concevons des pi\u00e8ces avec nos auvents de ventilateur. Des chambres a\u00e9r\u00e9es et spacieuses, o\u00f9 l'on est prot\u00e9g\u00e9 de mani\u00e8re flexible du soleil et parfois m\u00eame de la pluie en m\u00eame temps. Des chambres qui vous invitent \u00e0 vous asseoir ensemble dans une atmosph\u00e8re agr\u00e9able.<br \/>Ils sont cr\u00e9\u00e9s en fixant un auvent en \u00e9ventail, qui est mobile et esth\u00e9tique \u00e0 tous \u00e9gards gr\u00e2ce \u00e0 sa construction unique. L'auvent en forme de ventilateur permet d'orienter l'\u0153il tout en laissant la vue se d\u00e9placer librement.<br \/>Les marques O-Fan, Belalatus, Belwing et Sun-o-tron combinent les composants essentiels et les caract\u00e9ristiques de nos auvents de ventilateur.<br \/>Tous les composants des auvents de ventilateur sont durables, de haute qualit\u00e9, \u00e9conomes en \u00e9nergie et recyclables. Les constructions sont tr\u00e8s pr\u00e9cises et donc stables. C'est ainsi que vous cr\u00e9ez des valeurs durables pour votre b\u00e2timent.<\/p>\t\t\t\t\t\t\t\t<\/div>\n\t\t\t\t<\/div>\n\t\t\t\t\t<\/div>\n\t\t<\/div>\n\t\t\t\t\t<\/div>\n\t\t<\/section>\n\t\t\t\t\t<\/div>\n\t\t<\/div>\n\t\t\t\t\t<\/div>\n\t\t<\/section>\n\t\t\t\t<section class=\"elementor-section elementor-top-section elementor-element elementor-element-921098a elementor-hidden-desktop elementor-hidden-tablet elementor-hidden-phone elementor-section-boxed elementor-section-height-default elementor-section-height-default\" data-id=\"921098a\" data-element_type=\"section\" data-settings=\"{&quot;background_background&quot;:&quot;gradient&quot;,&quot;_ha_eqh_enable&quot;:false}\">\n\t\t\t\t\t\t<div class=\"elementor-container elementor-column-gap-default\">\n\t\t\t\t\t<div class=\"elementor-column elementor-col-100 elementor-top-column elementor-element elementor-element-f2f5bd5\" data-id=\"f2f5bd5\" data-element_type=\"column\">\n\t\t\t<div class=\"elementor-widget-wrap elementor-element-populated\">\n\t\t\t\t\t\t<section class=\"elementor-section elementor-inner-section elementor-element elementor-element-46e9e5a elementor-section-boxed elementor-section-height-default elementor-section-height-default\" data-id=\"46e9e5a\" data-element_type=\"section\" data-settings=\"{&quot;_ha_eqh_enable&quot;:false}\">\n\t\t\t\t\t\t<div class=\"elementor-container elementor-column-gap-default\">\n\t\t\t\t\t<div class=\"elementor-column elementor-col-100 elementor-inner-column elementor-element elementor-element-4ae614d\" data-id=\"4ae614d\" data-element_type=\"column\">\n\t\t\t<div class=\"elementor-widget-wrap elementor-element-populated\">\n\t\t\t\t\t\t<div class=\"elementor-element elementor-element-9b9a9f2 elementor-widget elementor-widget-heading\" data-id=\"9b9a9f2\" data-element_type=\"widget\" data-widget_type=\"heading.default\">\n\t\t\t\t<div class=\"elementor-widget-container\">\n\t\t\t\t\t<h1 class=\"elementor-heading-title elementor-size-default\">Notre \u00e9quipe<\/h1>\t\t\t\t<\/div>\n\t\t\t\t<\/div>\n\t\t\t\t\t<\/div>\n\t\t<\/div>\n\t\t\t\t\t<\/div>\n\t\t<\/section>\n\t\t\t\t<section class=\"elementor-section elementor-inner-section elementor-element elementor-element-4f6e933 elementor-section-boxed elementor-section-height-default elementor-section-height-default\" data-id=\"4f6e933\" data-element_type=\"section\" data-settings=\"{&quot;_ha_eqh_enable&quot;:false}\">\n\t\t\t\t\t\t<div class=\"elementor-container elementor-column-gap-default\">\n\t\t\t\t\t<div class=\"elementor-column elementor-col-20 elementor-inner-column elementor-element elementor-element-8ea9f2b\" data-id=\"8ea9f2b\" data-element_type=\"column\" data-settings=\"{&quot;background_background&quot;:&quot;classic&quot;}\">\n\t\t\t<div class=\"elementor-widget-wrap elementor-element-populated\">\n\t\t\t\t\t\t<div class=\"elementor-element elementor-element-4454c85 eael-team-align-centered elementor-widget elementor-widget-eael-team-member\" data-id=\"4454c85\" data-element_type=\"widget\" data-widget_type=\"eael-team-member.default\">\n\t\t\t\t<div class=\"elementor-widget-container\">\n\t\t\t\t\t\n\n\t<div id=\"eael-team-member-4454c85\" class=\"eael-team-item eael-team-members-simple\">\n\t\t<div class=\"eael-team-item-inner\">\n\t\t\t<div class=\"eael-team-image\">\n\t\t\t\t<figure>\n\t\t\t\t\t\t\t\t\t\t<img decoding=\"async\" src=\"https:\/\/radius-delta.com\/wp-content\/uploads\/2020\/12\/UberUnsPageMembersImg1.png\" alt=\"\">\n\t\t\t\t\t\t\t\t\t<\/figure>\n\t\t\t\t\n\t\t\t\t\n\t\t\t<\/div>\n\n\t\t\t<div class=\"eael-team-content\">\n\t\t\t\t<h2 class=\"eael-team-member-name\">RUTH GUGGISBERG<\/h2><h3 class=\"eael-team-member-position\">DIRECTEUR G\u00c9N\u00c9RAL<\/h3>\n\t\t\t\t\t\t\t\t\t\t\t\t\t\t<p class=\"eael-team-text\"><\/p>\n\t\t\t\t\t\t\t<\/div>\n\t\t<\/div>\n\t<\/div>\n\t\t\t\t\t<\/div>\n\t\t\t\t<\/div>\n\t\t\t\t\t<\/div>\n\t\t<\/div>\n\t\t\t\t<div class=\"elementor-column elementor-col-20 elementor-inner-column elementor-element elementor-element-1244c9a\" data-id=\"1244c9a\" data-element_type=\"column\">\n\t\t\t<div class=\"elementor-widget-wrap\">\n\t\t\t\t\t\t\t<\/div>\n\t\t<\/div>\n\t\t\t\t<div class=\"elementor-column elementor-col-20 elementor-inner-column elementor-element elementor-element-80ec60a\" data-id=\"80ec60a\" data-element_type=\"column\" data-settings=\"{&quot;background_background&quot;:&quot;classic&quot;}\">\n\t\t\t<div class=\"elementor-widget-wrap elementor-element-populated\">\n\t\t\t\t\t\t<div class=\"elementor-element elementor-element-08638ac eael-team-align-centered elementor-widget elementor-widget-eael-team-member\" data-id=\"08638ac\" data-element_type=\"widget\" data-widget_type=\"eael-team-member.default\">\n\t\t\t\t<div class=\"elementor-widget-container\">\n\t\t\t\t\t\n\n\t<div id=\"eael-team-member-08638ac\" class=\"eael-team-item eael-team-members-simple\">\n\t\t<div class=\"eael-team-item-inner\">\n\t\t\t<div class=\"eael-team-image\">\n\t\t\t\t<figure>\n\t\t\t\t\t\t\t\t\t\t<img decoding=\"async\" src=\"https:\/\/radius-delta.com\/wp-content\/uploads\/2020\/12\/UberUnsPageMembersImg1.png\" alt=\"\">\n\t\t\t\t\t\t\t\t\t<\/figure>\n\t\t\t\t\n\t\t\t\t\n\t\t\t<\/div>\n\n\t\t\t<div class=\"eael-team-content\">\n\t\t\t\t<h2 class=\"eael-team-member-name\">URS GUGGISBERG<\/h2><h3 class=\"eael-team-member-position\">DIRECTEUR G\u00c9N\u00c9RAL<\/h3>\n\t\t\t\t\t\t\t\t\t\t\t\t\t\t<p class=\"eael-team-text\"><\/p>\n\t\t\t\t\t\t\t<\/div>\n\t\t<\/div>\n\t<\/div>\n\t\t\t\t\t<\/div>\n\t\t\t\t<\/div>\n\t\t\t\t\t<\/div>\n\t\t<\/div>\n\t\t\t\t<div class=\"elementor-column elementor-col-20 elementor-inner-column elementor-element elementor-element-8a847af\" data-id=\"8a847af\" data-element_type=\"column\">\n\t\t\t<div class=\"elementor-widget-wrap\">\n\t\t\t\t\t\t\t<\/div>\n\t\t<\/div>\n\t\t\t\t<div class=\"elementor-column elementor-col-20 elementor-inner-column elementor-element elementor-element-7443c5b\" data-id=\"7443c5b\" data-element_type=\"column\" data-settings=\"{&quot;background_background&quot;:&quot;classic&quot;}\">\n\t\t\t<div class=\"elementor-widget-wrap elementor-element-populated\">\n\t\t\t\t\t\t<div class=\"elementor-element elementor-element-6129f96 eael-team-align-centered elementor-widget elementor-widget-eael-team-member\" data-id=\"6129f96\" data-element_type=\"widget\" data-widget_type=\"eael-team-member.default\">\n\t\t\t\t<div class=\"elementor-widget-container\">\n\t\t\t\t\t\n\n\t<div id=\"eael-team-member-6129f96\" class=\"eael-team-item eael-team-members-simple\">\n\t\t<div class=\"eael-team-item-inner\">\n\t\t\t<div class=\"eael-team-image\">\n\t\t\t\t<figure>\n\t\t\t\t\t\t\t\t\t\t<img decoding=\"async\" src=\"https:\/\/radius-delta.com\/wp-content\/uploads\/2020\/12\/UberUnsPageMembersImg1.png\" alt=\"\">\n\t\t\t\t\t\t\t\t\t<\/figure>\n\t\t\t\t\n\t\t\t\t\n\t\t\t<\/div>\n\n\t\t\t<div class=\"eael-team-content\">\n\t\t\t\t<h2 class=\"eael-team-member-name\">NOM NOM<\/h2><h3 class=\"eael-team-member-position\">D\u00c9SIGNATION<\/h3>\n\t\t\t\t\t\t\t\t\t\t\t\t\t\t<p class=\"eael-team-text\"><\/p>\n\t\t\t\t\t\t\t<\/div>\n\t\t<\/div>\n\t<\/div>\n\t\t\t\t\t<\/div>\n\t\t\t\t<\/div>\n\t\t\t\t\t<\/div>\n\t\t<\/div>\n\t\t\t\t\t<\/div>\n\t\t<\/section>\n\t\t\t\t\t<\/div>\n\t\t<\/div>\n\t\t\t\t\t<\/div>\n\t\t<\/section>\n\t\t\t\t<\/div>","protected":false},"excerpt":{"rendered":"<p>A propos de nous Radius Sonnen- und Wetterf\u00e4cher AG Le store en \u00e9ventail Radius, une protection solaire d'un genre particulier. Le store en \u00e9ventail Radius rend possible ce qui \u00e9tait auparavant impossible. Une protection contre le soleil et les intemp\u00e9ries dans un design \u00e9l\u00e9gant, une conception ing\u00e9nieuse et une attraction pour les yeux. Les produits se caract\u00e9risent par leur fonctionnalit\u00e9, leur esth\u00e9tique et leur qualit\u00e9. Ils t\u00e9moignent du bon go\u00fbt du propri\u00e9taire. Le store en \u00e9ventail [...]<\/p>","protected":false},"author":7,"featured_media":0,"parent":0,"menu_order":0,"comment_status":"closed","ping_status":"closed","template":"","meta":{"_monsterinsights_skip_tracking":false,"_monsterinsights_sitenote_active":false,"_monsterinsights_sitenote_note":"","_monsterinsights_sitenote_category":0,"footnotes":""},"class_list":["post-11","page","type-page","status-publish","hentry"],"_links":{"self":[{"href":"https:\/\/radius-delta.com\/fr\/wp-json\/wp\/v2\/pages\/11","targetHints":{"allow":["GET"]}}],"collection":[{"href":"https:\/\/radius-delta.com\/fr\/wp-json\/wp\/v2\/pages"}],"about":[{"href":"https:\/\/radius-delta.com\/fr\/wp-json\/wp\/v2\/types\/page"}],"author":[{"embeddable":true,"href":"https:\/\/radius-delta.com\/fr\/wp-json\/wp\/v2\/users\/7"}],"replies":[{"embeddable":true,"href":"https:\/\/radius-delta.com\/fr\/wp-json\/wp\/v2\/comments?post=11"}],"version-history":[{"count":0,"href":"https:\/\/radius-delta.com\/fr\/wp-json\/wp\/v2\/pages\/11\/revisions"}],"wp:attachment":[{"href":"https:\/\/radius-delta.com\/fr\/wp-json\/wp\/v2\/media?parent=11"}],"curies":[{"name":"wp","href":"https:\/\/api.w.org\/{rel}","templated":true}]}}