{"id":3958,"date":"2021-01-28T16:52:34","date_gmt":"2021-01-28T15:52:34","guid":{"rendered":"https:\/\/radius-delta.com\/?page_id=3958"},"modified":"2021-01-29T07:25:50","modified_gmt":"2021-01-29T06:25:50","slug":"downloads","status":"publish","type":"page","link":"https:\/\/radius-delta.com\/es\/downloads\/","title":{"rendered":"Descargas"},"content":{"rendered":"<div data-elementor-type=\"wp-page\" data-elementor-id=\"3958\" class=\"elementor elementor-3958\" data-elementor-settings=\"{&quot;ha_cmc_init_switcher&quot;:&quot;no&quot;}\" data-elementor-post-type=\"page\">\n\t\t\t\t\t\t<section class=\"elementor-section elementor-top-section elementor-element elementor-element-2a62cbf elementor-section-full_width elementor-section-height-default elementor-section-height-default\" data-id=\"2a62cbf\" data-element_type=\"section\" data-settings=\"{&quot;_ha_eqh_enable&quot;:false}\">\n\t\t\t\t\t\t<div class=\"elementor-container elementor-column-gap-default\">\n\t\t\t\t\t<div class=\"elementor-column elementor-col-50 elementor-top-column elementor-element elementor-element-a90e24c\" data-id=\"a90e24c\" data-element_type=\"column\">\n\t\t\t<div class=\"elementor-widget-wrap elementor-element-populated\">\n\t\t\t\t\t\t<div class=\"elementor-element elementor-element-e044aac elementor-widget elementor-widget-image\" data-id=\"e044aac\" data-element_type=\"widget\" data-widget_type=\"image.default\">\n\t\t\t\t<div class=\"elementor-widget-container\">\n\t\t\t\t\t\t\t\t\t\t\t\t\t\t\t<img fetchpriority=\"high\" decoding=\"async\" width=\"1330\" height=\"330\" src=\"https:\/\/radius-delta.com\/wp-content\/uploads\/2021\/01\/ProductLiveSessionBannerImg1_JPEG.jpg\" class=\"attachment-full size-full wp-image-3403\" alt=\"\" srcset=\"https:\/\/radius-delta.com\/wp-content\/uploads\/2021\/01\/ProductLiveSessionBannerImg1_JPEG.jpg 1330w, https:\/\/radius-delta.com\/wp-content\/uploads\/2021\/01\/ProductLiveSessionBannerImg1_JPEG-600x149.jpg 600w, https:\/\/radius-delta.com\/wp-content\/uploads\/2021\/01\/ProductLiveSessionBannerImg1_JPEG-300x74.jpg 300w, https:\/\/radius-delta.com\/wp-content\/uploads\/2021\/01\/ProductLiveSessionBannerImg1_JPEG-1024x254.jpg 1024w, https:\/\/radius-delta.com\/wp-content\/uploads\/2021\/01\/ProductLiveSessionBannerImg1_JPEG-768x191.jpg 768w, https:\/\/radius-delta.com\/wp-content\/uploads\/2021\/01\/ProductLiveSessionBannerImg1_JPEG-16x4.jpg 16w\" sizes=\"(max-width: 1330px) 100vw, 1330px\" \/>\t\t\t\t\t\t\t\t\t\t\t\t\t\t\t<\/div>\n\t\t\t\t<\/div>\n\t\t\t\t\t<\/div>\n\t\t<\/div>\n\t\t\t\t<div class=\"elementor-column elementor-col-50 elementor-top-column elementor-element elementor-element-6514225\" data-id=\"6514225\" data-element_type=\"column\" data-settings=\"{&quot;background_background&quot;:&quot;classic&quot;}\">\n\t\t\t<div class=\"elementor-widget-wrap elementor-element-populated\">\n\t\t\t\t\t\t<div class=\"elementor-element elementor-element-1fce493 elementor-widget elementor-widget-heading\" data-id=\"1fce493\" data-element_type=\"widget\" data-widget_type=\"heading.default\">\n\t\t\t\t<div class=\"elementor-widget-container\">\n\t\t\t\t\t<h2 class=\"elementor-heading-title elementor-size-default\">Folletos <br \/>Descargas<\/h2>\t\t\t\t<\/div>\n\t\t\t\t<\/div>\n\t\t\t\t\t<\/div>\n\t\t<\/div>\n\t\t\t\t\t<\/div>\n\t\t<\/section>\n\t\t\t\t<section class=\"elementor-section elementor-top-section elementor-element elementor-element-58342e3 elementor-section-boxed elementor-section-height-default elementor-section-height-default\" data-id=\"58342e3\" data-element_type=\"section\" data-settings=\"{&quot;_ha_eqh_enable&quot;:false}\">\n\t\t\t\t\t\t<div class=\"elementor-container elementor-column-gap-default\">\n\t\t\t\t\t<div class=\"elementor-column elementor-col-100 elementor-top-column elementor-element elementor-element-973d5ce\" data-id=\"973d5ce\" data-element_type=\"column\">\n\t\t\t<div class=\"elementor-widget-wrap elementor-element-populated\">\n\t\t\t\t\t\t<div class=\"elementor-element elementor-element-642d369 elementor-widget elementor-widget-heading\" data-id=\"642d369\" data-element_type=\"widget\" data-widget_type=\"heading.default\">\n\t\t\t\t<div class=\"elementor-widget-container\">\n\t\t\t\t\t<h1 class=\"elementor-heading-title elementor-size-default\">Prospekte &amp; Downloads<\/h1>\t\t\t\t<\/div>\n\t\t\t\t<\/div>\n\t\t\t\t<div class=\"elementor-element elementor-element-edc9ce6 elementor-widget elementor-widget-text-editor\" data-id=\"edc9ce6\" data-element_type=\"widget\" data-widget_type=\"text-editor.default\">\n\t\t\t\t<div class=\"elementor-widget-container\">\n\t\t\t\t\t\t\t\t\t<p>Aqu\u00ed puede encontrar todos nuestros folletos y documentos para descargar.<br \/>S\u00f3lo tiene que hacer clic en el bot\u00f3n para descargar el documento deseado.<\/p>\t\t\t\t\t\t\t\t<\/div>\n\t\t\t\t<\/div>\n\t\t\t\t\t<\/div>\n\t\t<\/div>\n\t\t\t\t\t<\/div>\n\t\t<\/section>\n\t\t\t\t<section class=\"elementor-section elementor-top-section elementor-element elementor-element-59e67ce elementor-section-boxed elementor-section-height-default elementor-section-height-default\" data-id=\"59e67ce\" data-element_type=\"section\" data-settings=\"{&quot;_ha_eqh_enable&quot;:false}\">\n\t\t\t\t\t\t<div class=\"elementor-container elementor-column-gap-default\">\n\t\t\t\t\t<div class=\"elementor-column elementor-col-100 elementor-top-column elementor-element elementor-element-7e9e0f2\" data-id=\"7e9e0f2\" data-element_type=\"column\">\n\t\t\t<div class=\"elementor-widget-wrap elementor-element-populated\">\n\t\t\t\t\t\t<section class=\"elementor-section elementor-inner-section elementor-element elementor-element-4963fc0 elementor-section-boxed elementor-section-height-default elementor-section-height-default\" data-id=\"4963fc0\" data-element_type=\"section\" data-settings=\"{&quot;_ha_eqh_enable&quot;:false}\">\n\t\t\t\t\t\t<div class=\"elementor-container elementor-column-gap-default\">\n\t\t\t\t\t<div class=\"elementor-column elementor-col-50 elementor-inner-column elementor-element elementor-element-b29010e\" data-id=\"b29010e\" data-element_type=\"column\" data-settings=\"{&quot;background_background&quot;:&quot;classic&quot;}\">\n\t\t\t<div class=\"elementor-widget-wrap elementor-element-populated\">\n\t\t\t\t\t\t<div class=\"elementor-element elementor-element-fef09e7 elementor-widget elementor-widget-heading\" data-id=\"fef09e7\" data-element_type=\"widget\" data-widget_type=\"heading.default\">\n\t\t\t\t<div class=\"elementor-widget-container\">\n\t\t\t\t\t<h1 class=\"elementor-heading-title elementor-size-default\">Folletos<\/h1>\t\t\t\t<\/div>\n\t\t\t\t<\/div>\n\t\t\t\t<div class=\"elementor-element elementor-element-b064df1 elementor-widget elementor-widget-image-box\" data-id=\"b064df1\" data-element_type=\"widget\" data-widget_type=\"image-box.default\">\n\t\t\t\t<div class=\"elementor-widget-container\">\n\t\t\t\t\t<div class=\"elementor-image-box-wrapper\"><div class=\"elementor-image-box-content\"><h3 class=\"elementor-image-box-title\"><a href=\"https:\/\/radius-delta.com\/wp-content\/uploads\/2021\/01\/01-Radius-Produkt-Uebersicht-2.pdf\">Visi\u00f3n general del producto Radius<\/a><\/h3><\/div><\/div>\t\t\t\t<\/div>\n\t\t\t\t<\/div>\n\t\t\t\t<div class=\"elementor-element elementor-element-8328c91 elementor-align-center elementor-widget elementor-widget-button\" data-id=\"8328c91\" data-element_type=\"widget\" data-widget_type=\"button.default\">\n\t\t\t\t<div class=\"elementor-widget-container\">\n\t\t\t\t\t\t\t\t\t<div class=\"elementor-button-wrapper\">\n\t\t\t\t\t<a class=\"elementor-button elementor-button-link elementor-size-sm\" href=\"https:\/\/radius-delta.com\/wp-content\/uploads\/2021\/01\/01-Radius-Produkt-Uebersicht-2.pdf\">\n\t\t\t\t\t\t<span class=\"elementor-button-content-wrapper\">\n\t\t\t\t\t\t<span class=\"elementor-button-icon\">\n\t\t\t\t<i aria-hidden=\"true\" class=\"fas fa-file-download\"><\/i>\t\t\t<\/span>\n\t\t\t\t\t\t\t\t\t<span class=\"elementor-button-text\">Descargar<\/span>\n\t\t\t\t\t<\/span>\n\t\t\t\t\t<\/a>\n\t\t\t\t<\/div>\n\t\t\t\t\t\t\t\t<\/div>\n\t\t\t\t<\/div>\n\t\t\t\t<div class=\"elementor-element elementor-element-de6913a elementor-widget elementor-widget-image\" data-id=\"de6913a\" data-element_type=\"widget\" data-widget_type=\"image.default\">\n\t\t\t\t<div class=\"elementor-widget-container\">\n\t\t\t\t\t\t\t\t\t\t\t\t\t\t\t\t<a href=\"https:\/\/radius-delta.com\/es\/product\/neu-o-fan\/\">\n\t\t\t\t\t\t\t<img decoding=\"async\" width=\"2725\" height=\"362\" src=\"https:\/\/radius-delta.com\/wp-content\/uploads\/2021\/01\/Logo_O-Fan_-Kopie.png\" class=\"attachment-full size-full wp-image-3304\" alt=\"\" srcset=\"https:\/\/radius-delta.com\/wp-content\/uploads\/2021\/01\/Logo_O-Fan_-Kopie.png 2725w, https:\/\/radius-delta.com\/wp-content\/uploads\/2021\/01\/Logo_O-Fan_-Kopie-600x80.png 600w, https:\/\/radius-delta.com\/wp-content\/uploads\/2021\/01\/Logo_O-Fan_-Kopie-300x40.png 300w, https:\/\/radius-delta.com\/wp-content\/uploads\/2021\/01\/Logo_O-Fan_-Kopie-1024x136.png 1024w, https:\/\/radius-delta.com\/wp-content\/uploads\/2021\/01\/Logo_O-Fan_-Kopie-768x102.png 768w, https:\/\/radius-delta.com\/wp-content\/uploads\/2021\/01\/Logo_O-Fan_-Kopie-1536x204.png 1536w, https:\/\/radius-delta.com\/wp-content\/uploads\/2021\/01\/Logo_O-Fan_-Kopie-2048x272.png 2048w, https:\/\/radius-delta.com\/wp-content\/uploads\/2021\/01\/Logo_O-Fan_-Kopie-16x2.png 16w\" sizes=\"(max-width: 2725px) 100vw, 2725px\" \/>\t\t\t\t\t\t\t\t<\/a>\n\t\t\t\t\t\t\t\t\t\t\t\t\t\t\t<\/div>\n\t\t\t\t<\/div>\n\t\t\t\t<div class=\"elementor-element elementor-element-fafa852 elementor-align-center elementor-widget elementor-widget-button\" data-id=\"fafa852\" data-element_type=\"widget\" data-widget_type=\"button.default\">\n\t\t\t\t<div class=\"elementor-widget-container\">\n\t\t\t\t\t\t\t\t\t<div class=\"elementor-button-wrapper\">\n\t\t\t\t\t<a class=\"elementor-button elementor-button-link elementor-size-sm\" href=\"#\">\n\t\t\t\t\t\t<span class=\"elementor-button-content-wrapper\">\n\t\t\t\t\t\t<span class=\"elementor-button-icon\">\n\t\t\t\t<i aria-hidden=\"true\" class=\"fas fa-file-download\"><\/i>\t\t\t<\/span>\n\t\t\t\t\t\t\t\t\t<span class=\"elementor-button-text\">Descargar<\/span>\n\t\t\t\t\t<\/span>\n\t\t\t\t\t<\/a>\n\t\t\t\t<\/div>\n\t\t\t\t\t\t\t\t<\/div>\n\t\t\t\t<\/div>\n\t\t\t\t<div class=\"elementor-element elementor-element-401f886 elementor-widget elementor-widget-image\" data-id=\"401f886\" data-element_type=\"widget\" data-widget_type=\"image.default\">\n\t\t\t\t<div class=\"elementor-widget-container\">\n\t\t\t\t\t\t\t\t\t\t\t\t\t\t\t\t<a href=\"https:\/\/radius-delta.com\/wp-content\/uploads\/2021\/01\/01-Belalatus-Prospekt-DE-1.pdf\">\n\t\t\t\t\t\t\t<img decoding=\"async\" width=\"2724\" height=\"362\" src=\"https:\/\/radius-delta.com\/wp-content\/uploads\/2021\/01\/Logo_Belalatus_home.png\" class=\"attachment-full size-full wp-image-3591\" alt=\"\" srcset=\"https:\/\/radius-delta.com\/wp-content\/uploads\/2021\/01\/Logo_Belalatus_home.png 2724w, https:\/\/radius-delta.com\/wp-content\/uploads\/2021\/01\/Logo_Belalatus_home-600x80.png 600w, https:\/\/radius-delta.com\/wp-content\/uploads\/2021\/01\/Logo_Belalatus_home-300x40.png 300w, https:\/\/radius-delta.com\/wp-content\/uploads\/2021\/01\/Logo_Belalatus_home-1024x136.png 1024w, https:\/\/radius-delta.com\/wp-content\/uploads\/2021\/01\/Logo_Belalatus_home-768x102.png 768w, https:\/\/radius-delta.com\/wp-content\/uploads\/2021\/01\/Logo_Belalatus_home-1536x204.png 1536w, https:\/\/radius-delta.com\/wp-content\/uploads\/2021\/01\/Logo_Belalatus_home-2048x272.png 2048w, https:\/\/radius-delta.com\/wp-content\/uploads\/2021\/01\/Logo_Belalatus_home-16x2.png 16w\" sizes=\"(max-width: 2724px) 100vw, 2724px\" \/>\t\t\t\t\t\t\t\t<\/a>\n\t\t\t\t\t\t\t\t\t\t\t\t\t\t\t<\/div>\n\t\t\t\t<\/div>\n\t\t\t\t<div class=\"elementor-element elementor-element-affae51 elementor-align-center elementor-widget elementor-widget-button\" data-id=\"affae51\" data-element_type=\"widget\" data-widget_type=\"button.default\">\n\t\t\t\t<div class=\"elementor-widget-container\">\n\t\t\t\t\t\t\t\t\t<div class=\"elementor-button-wrapper\">\n\t\t\t\t\t<a class=\"elementor-button elementor-button-link elementor-size-sm\" href=\"https:\/\/radius-delta.com\/wp-content\/uploads\/2021\/01\/01-Belalatus-Prospekt-DE-1.pdf\">\n\t\t\t\t\t\t<span class=\"elementor-button-content-wrapper\">\n\t\t\t\t\t\t<span class=\"elementor-button-icon\">\n\t\t\t\t<i aria-hidden=\"true\" class=\"fas fa-file-download\"><\/i>\t\t\t<\/span>\n\t\t\t\t\t\t\t\t\t<span class=\"elementor-button-text\">Descargar<\/span>\n\t\t\t\t\t<\/span>\n\t\t\t\t\t<\/a>\n\t\t\t\t<\/div>\n\t\t\t\t\t\t\t\t<\/div>\n\t\t\t\t<\/div>\n\t\t\t\t<div class=\"elementor-element elementor-element-96b343b elementor-widget elementor-widget-image\" data-id=\"96b343b\" data-element_type=\"widget\" data-widget_type=\"image.default\">\n\t\t\t\t<div class=\"elementor-widget-container\">\n\t\t\t\t\t\t\t\t\t\t\t\t\t\t\t\t<a href=\"https:\/\/radius-delta.com\/es\/product\/belwing-easy-move\/\">\n\t\t\t\t\t\t\t<img loading=\"lazy\" decoding=\"async\" width=\"2725\" height=\"362\" src=\"https:\/\/radius-delta.com\/wp-content\/uploads\/2021\/01\/Logo_Belwing_home.png\" class=\"attachment-full size-full wp-image-3592\" alt=\"\" srcset=\"https:\/\/radius-delta.com\/wp-content\/uploads\/2021\/01\/Logo_Belwing_home.png 2725w, https:\/\/radius-delta.com\/wp-content\/uploads\/2021\/01\/Logo_Belwing_home-600x80.png 600w, https:\/\/radius-delta.com\/wp-content\/uploads\/2021\/01\/Logo_Belwing_home-300x40.png 300w, https:\/\/radius-delta.com\/wp-content\/uploads\/2021\/01\/Logo_Belwing_home-1024x136.png 1024w, https:\/\/radius-delta.com\/wp-content\/uploads\/2021\/01\/Logo_Belwing_home-768x102.png 768w, https:\/\/radius-delta.com\/wp-content\/uploads\/2021\/01\/Logo_Belwing_home-1536x204.png 1536w, https:\/\/radius-delta.com\/wp-content\/uploads\/2021\/01\/Logo_Belwing_home-2048x272.png 2048w, https:\/\/radius-delta.com\/wp-content\/uploads\/2021\/01\/Logo_Belwing_home-16x2.png 16w\" sizes=\"(max-width: 2725px) 100vw, 2725px\" \/>\t\t\t\t\t\t\t\t<\/a>\n\t\t\t\t\t\t\t\t\t\t\t\t\t\t\t<\/div>\n\t\t\t\t<\/div>\n\t\t\t\t<div class=\"elementor-element elementor-element-6642264 elementor-align-center elementor-widget elementor-widget-button\" data-id=\"6642264\" data-element_type=\"widget\" data-widget_type=\"button.default\">\n\t\t\t\t<div class=\"elementor-widget-container\">\n\t\t\t\t\t\t\t\t\t<div class=\"elementor-button-wrapper\">\n\t\t\t\t\t<a class=\"elementor-button elementor-button-link elementor-size-sm\" href=\"#\">\n\t\t\t\t\t\t<span class=\"elementor-button-content-wrapper\">\n\t\t\t\t\t\t<span class=\"elementor-button-icon\">\n\t\t\t\t<i aria-hidden=\"true\" class=\"fas fa-file-download\"><\/i>\t\t\t<\/span>\n\t\t\t\t\t\t\t\t\t<span class=\"elementor-button-text\">Descargar<\/span>\n\t\t\t\t\t<\/span>\n\t\t\t\t\t<\/a>\n\t\t\t\t<\/div>\n\t\t\t\t\t\t\t\t<\/div>\n\t\t\t\t<\/div>\n\t\t\t\t<div class=\"elementor-element elementor-element-673a6d3 elementor-widget elementor-widget-image\" data-id=\"673a6d3\" data-element_type=\"widget\" data-widget_type=\"image.default\">\n\t\t\t\t<div class=\"elementor-widget-container\">\n\t\t\t\t\t\t\t\t\t\t\t\t\t\t\t\t<a href=\"https:\/\/radius-delta.com\/wp-content\/uploads\/2021\/01\/12-Sun-O-Tron-Prospekt.pdf\">\n\t\t\t\t\t\t\t<img loading=\"lazy\" decoding=\"async\" width=\"2725\" height=\"362\" src=\"https:\/\/radius-delta.com\/wp-content\/uploads\/2021\/01\/Logo_Sun-O-Tron_home.png\" class=\"attachment-full size-full wp-image-3593\" alt=\"\" srcset=\"https:\/\/radius-delta.com\/wp-content\/uploads\/2021\/01\/Logo_Sun-O-Tron_home.png 2725w, https:\/\/radius-delta.com\/wp-content\/uploads\/2021\/01\/Logo_Sun-O-Tron_home-600x80.png 600w, https:\/\/radius-delta.com\/wp-content\/uploads\/2021\/01\/Logo_Sun-O-Tron_home-300x40.png 300w, https:\/\/radius-delta.com\/wp-content\/uploads\/2021\/01\/Logo_Sun-O-Tron_home-1024x136.png 1024w, https:\/\/radius-delta.com\/wp-content\/uploads\/2021\/01\/Logo_Sun-O-Tron_home-768x102.png 768w, https:\/\/radius-delta.com\/wp-content\/uploads\/2021\/01\/Logo_Sun-O-Tron_home-1536x204.png 1536w, https:\/\/radius-delta.com\/wp-content\/uploads\/2021\/01\/Logo_Sun-O-Tron_home-2048x272.png 2048w, https:\/\/radius-delta.com\/wp-content\/uploads\/2021\/01\/Logo_Sun-O-Tron_home-16x2.png 16w\" sizes=\"(max-width: 2725px) 100vw, 2725px\" \/>\t\t\t\t\t\t\t\t<\/a>\n\t\t\t\t\t\t\t\t\t\t\t\t\t\t\t<\/div>\n\t\t\t\t<\/div>\n\t\t\t\t<div class=\"elementor-element elementor-element-34d577d elementor-align-center elementor-widget elementor-widget-button\" data-id=\"34d577d\" data-element_type=\"widget\" data-widget_type=\"button.default\">\n\t\t\t\t<div class=\"elementor-widget-container\">\n\t\t\t\t\t\t\t\t\t<div class=\"elementor-button-wrapper\">\n\t\t\t\t\t<a class=\"elementor-button elementor-button-link elementor-size-sm\" href=\"https:\/\/radius-delta.com\/wp-content\/uploads\/2021\/01\/12-Sun-O-Tron-Prospekt.pdf\">\n\t\t\t\t\t\t<span class=\"elementor-button-content-wrapper\">\n\t\t\t\t\t\t<span class=\"elementor-button-icon\">\n\t\t\t\t<i aria-hidden=\"true\" class=\"fas fa-file-download\"><\/i>\t\t\t<\/span>\n\t\t\t\t\t\t\t\t\t<span class=\"elementor-button-text\">Descargar<\/span>\n\t\t\t\t\t<\/span>\n\t\t\t\t\t<\/a>\n\t\t\t\t<\/div>\n\t\t\t\t\t\t\t\t<\/div>\n\t\t\t\t<\/div>\n\t\t\t\t\t<\/div>\n\t\t<\/div>\n\t\t\t\t<div class=\"elementor-column elementor-col-50 elementor-inner-column elementor-element elementor-element-90092c1\" data-id=\"90092c1\" data-element_type=\"column\" data-settings=\"{&quot;background_background&quot;:&quot;classic&quot;}\">\n\t\t\t<div class=\"elementor-widget-wrap elementor-element-populated\">\n\t\t\t\t\t\t<div class=\"elementor-element elementor-element-293480e elementor-widget elementor-widget-heading\" data-id=\"293480e\" data-element_type=\"widget\" data-widget_type=\"heading.default\">\n\t\t\t\t<div class=\"elementor-widget-container\">\n\t\t\t\t\t<h1 class=\"elementor-heading-title elementor-size-default\">Descargas<\/h1>\t\t\t\t<\/div>\n\t\t\t\t<\/div>\n\t\t\t\t<div class=\"elementor-element elementor-element-d9cffd6 elementor-widget elementor-widget-image-box\" data-id=\"d9cffd6\" data-element_type=\"widget\" data-widget_type=\"image-box.default\">\n\t\t\t\t<div class=\"elementor-widget-container\">\n\t\t\t\t\t<div class=\"elementor-image-box-wrapper\"><div class=\"elementor-image-box-content\"><h3 class=\"elementor-image-box-title\">Visi\u00f3n general del producto Radius<\/h3><\/div><\/div>\t\t\t\t<\/div>\n\t\t\t\t<\/div>\n\t\t\t\t<div class=\"elementor-element elementor-element-32131ba elementor-align-center elementor-widget elementor-widget-button\" data-id=\"32131ba\" data-element_type=\"widget\" data-widget_type=\"button.default\">\n\t\t\t\t<div class=\"elementor-widget-container\">\n\t\t\t\t\t\t\t\t\t<div class=\"elementor-button-wrapper\">\n\t\t\t\t\t<a class=\"elementor-button elementor-button-link elementor-size-sm\" href=\"#\">\n\t\t\t\t\t\t<span class=\"elementor-button-content-wrapper\">\n\t\t\t\t\t\t<span class=\"elementor-button-icon\">\n\t\t\t\t<i aria-hidden=\"true\" class=\"fas fa-file-download\"><\/i>\t\t\t<\/span>\n\t\t\t\t\t\t\t\t\t<span class=\"elementor-button-text\">Descargar<\/span>\n\t\t\t\t\t<\/span>\n\t\t\t\t\t<\/a>\n\t\t\t\t<\/div>\n\t\t\t\t\t\t\t\t<\/div>\n\t\t\t\t<\/div>\n\t\t\t\t\t<\/div>\n\t\t<\/div>\n\t\t\t\t\t<\/div>\n\t\t<\/section>\n\t\t\t\t\t<\/div>\n\t\t<\/div>\n\t\t\t\t\t<\/div>\n\t\t<\/section>\n\t\t\t\t<\/div>","protected":false},"excerpt":{"rendered":"<p>Prospekte Downloads Prospekte &#038; Downloads Hier finden Sie alle unsere Prospekte und Dokumente zum download.Klicken Sie einfach auf den Button um das gew\u00fcnschte Dokumente herunterzuladen. Prospekte Radius Produkt \u00dcbersicht Herunterladen Herunterladen Herunterladen Herunterladen Herunterladen Downloads Radius Produkt \u00dcbersicht Herunterladen<\/p>","protected":false},"author":7,"featured_media":0,"parent":0,"menu_order":0,"comment_status":"closed","ping_status":"closed","template":"","meta":{"_monsterinsights_skip_tracking":false,"_monsterinsights_sitenote_active":false,"_monsterinsights_sitenote_note":"","_monsterinsights_sitenote_category":0,"footnotes":""},"class_list":["post-3958","page","type-page","status-publish","hentry"],"_links":{"self":[{"href":"https:\/\/radius-delta.com\/es\/wp-json\/wp\/v2\/pages\/3958","targetHints":{"allow":["GET"]}}],"collection":[{"href":"https:\/\/radius-delta.com\/es\/wp-json\/wp\/v2\/pages"}],"about":[{"href":"https:\/\/radius-delta.com\/es\/wp-json\/wp\/v2\/types\/page"}],"author":[{"embeddable":true,"href":"https:\/\/radius-delta.com\/es\/wp-json\/wp\/v2\/users\/7"}],"replies":[{"embeddable":true,"href":"https:\/\/radius-delta.com\/es\/wp-json\/wp\/v2\/comments?post=3958"}],"version-history":[{"count":0,"href":"https:\/\/radius-delta.com\/es\/wp-json\/wp\/v2\/pages\/3958\/revisions"}],"wp:attachment":[{"href":"https:\/\/radius-delta.com\/es\/wp-json\/wp\/v2\/media?parent=3958"}],"curies":[{"name":"wp","href":"https:\/\/api.w.org\/{rel}","templated":true}]}}