{"id":23,"date":"2020-12-24T13:12:21","date_gmt":"2020-12-24T13:12:21","guid":{"rendered":"https:\/\/radius-delta.com\/?page_id=23"},"modified":"2021-01-02T12:18:58","modified_gmt":"2021-01-02T12:18:58","slug":"rechtliche-hinweise","status":"publish","type":"page","link":"https:\/\/radius-delta.com\/es\/rechtliche-hinweise\/","title":{"rendered":"Aviso legal"},"content":{"rendered":"<div data-elementor-type=\"wp-page\" data-elementor-id=\"23\" class=\"elementor elementor-23\" data-elementor-settings=\"{&quot;ha_cmc_init_switcher&quot;:&quot;no&quot;}\" data-elementor-post-type=\"page\">\n\t\t\t\t\t\t<section class=\"elementor-section elementor-top-section elementor-element elementor-element-dce477a elementor-section-height-min-height elementor-section-content-middle elementor-section-boxed elementor-section-height-default elementor-section-items-middle\" data-id=\"dce477a\" data-element_type=\"section\" data-settings=\"{&quot;background_background&quot;:&quot;classic&quot;,&quot;_ha_eqh_enable&quot;:false}\">\n\t\t\t\t\t\t<div class=\"elementor-container elementor-column-gap-default\">\n\t\t\t\t\t<div class=\"elementor-column elementor-col-100 elementor-top-column elementor-element elementor-element-d12bc6a\" data-id=\"d12bc6a\" data-element_type=\"column\">\n\t\t\t<div class=\"elementor-widget-wrap elementor-element-populated\">\n\t\t\t\t\t\t<div class=\"elementor-element elementor-element-e98c57c elementor-widget elementor-widget-heading\" data-id=\"e98c57c\" data-element_type=\"widget\" data-widget_type=\"heading.default\">\n\t\t\t\t<div class=\"elementor-widget-container\">\n\t\t\t\t\t<h1 class=\"elementor-heading-title elementor-size-default\">Aviso legal<\/h1>\t\t\t\t<\/div>\n\t\t\t\t<\/div>\n\t\t\t\t\t<\/div>\n\t\t<\/div>\n\t\t\t\t\t<\/div>\n\t\t<\/section>\n\t\t\t\t<section class=\"elementor-section elementor-top-section elementor-element elementor-element-c0a5463 elementor-section-boxed elementor-section-height-default elementor-section-height-default\" data-id=\"c0a5463\" data-element_type=\"section\" data-settings=\"{&quot;_ha_eqh_enable&quot;:false}\">\n\t\t\t\t\t\t<div class=\"elementor-container elementor-column-gap-default\">\n\t\t\t\t\t<div class=\"elementor-column elementor-col-100 elementor-top-column elementor-element elementor-element-02c6919\" data-id=\"02c6919\" data-element_type=\"column\">\n\t\t\t<div class=\"elementor-widget-wrap elementor-element-populated\">\n\t\t\t\t\t\t<div class=\"elementor-element elementor-element-01b1c58 elementor-widget elementor-widget-text-editor\" data-id=\"01b1c58\" data-element_type=\"widget\" data-widget_type=\"text-editor.default\">\n\t\t\t\t<div class=\"elementor-widget-container\">\n\t\t\t\t\t\t\t\t\t<p><span id=\"parent-fieldname-description\" class=\"\">Condiciones de uso\/ Exenci\u00f3n de responsabilidad\/ Pol\u00edtica de privacidad de Radius Sonnen- und Wetterf\u00e4cher AG<\/span><\/p><div id=\"parent-fieldname-text\" class=\"\"><h3>1. el sitio web en general<\/h3><strong>Objetivo y alcance<\/strong><br \/>Radius Sonnen- und Wetterf\u00e4cher AG (en lo sucesivo, Radius) gestiona un sitio web de informaci\u00f3n en la p\u00e1gina web www.radius-delta.com. Estas condiciones de uso regulan la aplicaci\u00f3n y el acceso a esta plataforma de Internet y el uso de la informaci\u00f3n ofrecida. Al utilizar el sitio web, los visitantes aceptan las presentes condiciones de uso. Al utilizar el servicio, en particular el m\u00f3dulo \"fotomontaje\" (v\u00e9ase la secci\u00f3n II), y la informaci\u00f3n, el visitante se compromete a cumplir estas condiciones.<br \/><br \/><strong>La informaci\u00f3n ofrecida en el sitio web<br \/><\/strong>Radius ofrece su sitio web como un servicio gratuito con fines exclusivamente informativos. Radius es libre de cambiar, reestructurar, complementar o eliminar la informaci\u00f3n y los datos del sitio web en su totalidad o en parte en cualquier momento y por cualquier motivo.<strong><br \/><\/strong>No es posible la venta directa por Internet de los productos presentados en el sitio web. Al presentar los productos en el sitio web, Radius no hace ninguna oferta para celebrar un contrato.<br \/><br \/><strong>Derechos de autor, marcas y otros derechos de propiedad intelectual<br \/><\/strong>Todos los derechos de propiedad intelectual contenidos en este sitio web pertenecen a Radius.<p>En el marco del uso del sitio web, los visitantes est\u00e1n autorizados a ver el sitio web y la informaci\u00f3n y los datos que se muestran en \u00e9l en la pantalla y, adem\u00e1s, a realizar \u00fanicamente las acciones de uso que se describen como permisibles en el sitio web y en las siguientes disposiciones. Adem\u00e1s, cualquier uso se limita exclusivamente a los fines privados del visitante o a los fines comerciales internos de su empresa. En particular, no est\u00e1 permitido el uso y la explotaci\u00f3n comercial del sitio web y de la informaci\u00f3n y los datos reproducidos en \u00e9l por el visitante.<\/p><p><strong>Comunicaciones<br \/><\/strong>El sitio web ofrece a los visitantes la posibilidad de ponerse en contacto con Radius por correo electr\u00f3nico y mediante una consulta de precios, un formulario de solicitud de reventa o un formulario de contacto. La entrega de estos mensajes es a riesgo del visitante.<\/p><p>Los pedidos o solicitudes recibidos de este modo s\u00f3lo ser\u00e1n vinculantes para Radius si han sido confirmados expresamente por \u00e9ste por escrito. Las notificaciones de car\u00e1cter legal, como la fijaci\u00f3n de plazos, los recordatorios, los avisos de rescisi\u00f3n, etc., que se dirijan a Radius por esta v\u00eda no tendr\u00e1n ning\u00fan efecto.<\/p><p><strong>Garant\u00eda y responsabilidad<br \/><\/strong>Radius no ofrece ninguna declaraci\u00f3n ni garant\u00eda con respecto a este sitio web, la informaci\u00f3n y los datos que contiene y las funciones que contiene, en particular con respecto a la integridad, la puntualidad y la calidad de la informaci\u00f3n, los datos y los productos (por ejemplo, con respecto a las dimensiones y los materiales especificados o con respecto a los colores y las proporciones en las ilustraciones).<\/p><p>Radius es responsable en relaci\u00f3n con su sitio web de los da\u00f1os directos causados a los visitantes del sitio web por negligencia grave o intencionada de Radius AG. Adem\u00e1s, se excluye cualquier responsabilidad en la medida permitida por la ley, en particular en lo que respecta al lucro cesante y otros da\u00f1os consecuentes, da\u00f1os por p\u00e9rdida de datos, virus u otros programas da\u00f1inos.<\/p><p><strong>Protecci\u00f3n de datos<br \/><\/strong>En principio, el visitante puede visitar y utilizar el sitio radius-delta.com sin tener que proporcionar ninguna informaci\u00f3n personal. Sin embargo, para ponerse en contacto con Radius, por ejemplo, mediante un formulario de informaci\u00f3n sobre precios o un formulario de solicitud de revendedor, la recogida de datos personales es inevitable. La recopilaci\u00f3n y el tratamiento de datos personales en el sitio web radius-delta.com se llevan a cabo de conformidad con las disposiciones de la legislaci\u00f3n suiza sobre protecci\u00f3n de datos. Esto significa que Radius se compromete a utilizar los datos personales de forma cuidadosa y exclusivamente para los fines indicados. El visitante consiente el tratamiento correspondiente de sus datos personales para los fines mencionados.<\/p><p>Dado que la transmisi\u00f3n de datos a trav\u00e9s del sitio web radius-delta.com est\u00e1 siempre sin cifrar, se aconseja a los visitantes que, en su propio inter\u00e9s, no env\u00eden ninguna informaci\u00f3n confidencial a trav\u00e9s del sitio web.<\/p><p><strong>Ley aplicable y lugar de jurisdicci\u00f3n<br \/><\/strong>El uso de la informaci\u00f3n y los contenidos ofrecidos en la plataforma est\u00e1 sujeto exclusivamente a la legislaci\u00f3n suiza. El lugar de jurisdicci\u00f3n exclusivo es el domicilio social de Radius.<br \/><br \/><\/p><h3>2. condiciones especiales de uso \"fotomontaje<\/h3><p><strong>Objetivo y alcance<br \/><\/strong>A continuaci\u00f3n se exponen las condiciones especiales de uso del \u00e1rea de \"fotomontaje\" en la plataforma radius-delta.com. En la medida en que no se regule nada espec\u00edfico en este documento, se aplicar\u00e1n las disposiciones establecidas en la Secci\u00f3n I anterior.<\/p><p><strong>Utilizaci\u00f3n del m\u00f3dulo \"Fotomontaje\"<br \/><\/strong>A trav\u00e9s del m\u00f3dulo interactivo \"Fotomontaje\", el visitante puede cargar sus propias fotos (por ejemplo, de su propia casa) en el sitio web y colocar sobre ellas las im\u00e1genes gr\u00e1ficas del sol y los ventiladores meteorol\u00f3gicos que considere oportunos. El visitante tambi\u00e9n puede ampliar o reducir los ventiladores de sol y de tiempo seg\u00fan desee y disponerlos en \u00e1ngulos adecuados. Las im\u00e1genes siguen siendo en todo momento propiedad del visitante y no son vistas ni asumidas por Radius.<\/p><p>La carga de las fotos sirve \u00fanicamente como base para la visualizaci\u00f3n de la posici\u00f3n deseada del sol y del ventilador meteorol\u00f3gico. Las im\u00e1genes correspondientes pueden utilizarse para fines privados y, en particular, imprimirse y enviarse por correo electr\u00f3nico.<\/p><p><strong>Garant\u00eda y responsabilidad<br \/><\/strong>Radius se\u00f1ala expresamente que las im\u00e1genes e ilustraciones de los ventiladores del sol y del tiempo y el correspondiente fotomontaje no son fieles a la realidad. Por lo tanto, Radius no garantiza la viabilidad de la posici\u00f3n deseada de los ventiladores de sol y clima ni la realizaci\u00f3n seg\u00fan el fotomontaje.<\/p><p>La viabilidad definitiva de la planificaci\u00f3n de los compartimentos solares y meteorol\u00f3gicos deseados s\u00f3lo se puede dar mediante la garant\u00eda en una oferta vinculante de Radius.<\/p><p>Las im\u00e1genes se suben bajo su propia responsabilidad. Radius no es en ning\u00fan caso responsable de la violaci\u00f3n de los derechos personales as\u00ed como de los derechos inmateriales o materiales de terceros. Tampoco acepta ninguna responsabilidad por los da\u00f1os causados por la carga de las im\u00e1genes.<\/p><\/div>\t\t\t\t\t\t\t\t<\/div>\n\t\t\t\t<\/div>\n\t\t\t\t\t<\/div>\n\t\t<\/div>\n\t\t\t\t\t<\/div>\n\t\t<\/section>\n\t\t\t\t<\/div>","protected":false},"excerpt":{"rendered":"<p>Rechtliche Hinweise Nutzungsbestimmungen\/ Haftungssauschluss \/ Datenschutzerkl\u00e4rung der Radius Sonnen- und Wetterf\u00e4cher AG 1. Die Website allgemein Zweck und GeltungsbereichDie Radius Sonnen- und Wetterf\u00e4cher AG (nachfolgend Radius) betreibt unter der Internetseite www.radius-delta.com eine Informationswebseite. Diese Nutzungsbestimmungen regeln die Anwendung und den Zugang zu dieser Internet-Plattform und die Nutzung der angebotenen Informationen. Durch die Benutzung der Website [&hellip;]<\/p>","protected":false},"author":7,"featured_media":0,"parent":0,"menu_order":0,"comment_status":"closed","ping_status":"closed","template":"","meta":{"_monsterinsights_skip_tracking":false,"_monsterinsights_sitenote_active":false,"_monsterinsights_sitenote_note":"","_monsterinsights_sitenote_category":0,"footnotes":""},"class_list":["post-23","page","type-page","status-publish","hentry"],"_links":{"self":[{"href":"https:\/\/radius-delta.com\/es\/wp-json\/wp\/v2\/pages\/23","targetHints":{"allow":["GET"]}}],"collection":[{"href":"https:\/\/radius-delta.com\/es\/wp-json\/wp\/v2\/pages"}],"about":[{"href":"https:\/\/radius-delta.com\/es\/wp-json\/wp\/v2\/types\/page"}],"author":[{"embeddable":true,"href":"https:\/\/radius-delta.com\/es\/wp-json\/wp\/v2\/users\/7"}],"replies":[{"embeddable":true,"href":"https:\/\/radius-delta.com\/es\/wp-json\/wp\/v2\/comments?post=23"}],"version-history":[{"count":0,"href":"https:\/\/radius-delta.com\/es\/wp-json\/wp\/v2\/pages\/23\/revisions"}],"wp:attachment":[{"href":"https:\/\/radius-delta.com\/es\/wp-json\/wp\/v2\/media?parent=23"}],"curies":[{"name":"wp","href":"https:\/\/api.w.org\/{rel}","templated":true}]}}